{"id":4201,"date":"2025-05-24T07:15:38","date_gmt":"2025-05-24T07:15:38","guid":{"rendered":"https:\/\/www.seibusilverstone.com\/?post_type=product&#038;p=4201"},"modified":"2025-05-24T07:15:46","modified_gmt":"2025-05-24T07:15:46","slug":"labradorit-5","status":"publish","type":"product","link":"https:\/\/www.seibusilverstone.com\/en\/shop\/labradorit-5\/","title":{"rendered":"LABRADOR\u0130T"},"content":{"rendered":"<p><b>Labradorit Ta\u015f\u0131<\/b>, mavi, ye\u015fil ve alt\u0131n yans\u0131malar\u0131na sahip, g\u00f6z al\u0131c\u0131 renkleriyle dikkat \u00e7eker. Koruyucu\u00a0<b>\u00f6zellikleri<\/b>\u00a0ve enerji dengeleme g\u00fcc\u00fcyle bilinen bu\u00a0<b>ta\u015f<\/b>, spirit\u00fcel geli\u015fim ve zihinsel netlik sa\u011flamak i\u00e7in kullan\u0131l\u0131r.\u00a0<b>Labradorit<\/b>, \u00f6zellikle i\u00e7sel g\u00fcc\u00fc ke\u015ffetme, sezgi ve fark\u0131ndal\u0131k konular\u0131nda yard\u0131mc\u0131 olur.<\/p>\n<p>Labradorit ta\u015f\u0131,\u00a0<b>\u00e7akra dengeleme \u00e7al\u0131\u015fmalar\u0131nda, negatif enerjilerin temizlenmesinde ve enerjinin ak\u0131\u015f\u0131n\u0131 art\u0131rmada kullan\u0131labilir<\/b>. Bu ta\u015f\u0131n g\u00f6r\u00fcn\u00fcm\u00fc, gri ve siyah tonlarda zengin, renkli bir y\u00fczeydir ve a\u00e7\u0131larla hareket ettik\u00e7e ye\u015fil, mavi, turuncu ve hatta pembe gibi renkler de yans\u0131tabilir.<\/p>\n","protected":false},"excerpt":{"rendered":"<p>MEN\u015eE\u0130:\u00c7\u0130N<\/p>\n<p>UZUNLUK:40 CM<\/p>\n<p>\u00d6L\u00c7\u00dc:4*4<\/p>\n","protected":false},"featured_media":4202,"comment_status":"open","ping_status":"closed","template":"","meta":{"site-sidebar-layout":"default","site-content-layout":"","ast-site-content-layout":"default","site-content-style":"default","site-sidebar-style":"default","ast-global-header-display":"","ast-banner-title-visibility":"","ast-main-header-display":"","ast-hfb-above-header-display":"","ast-hfb-below-header-display":"","ast-hfb-mobile-header-display":"","site-post-title":"","ast-breadcrumbs-content":"","ast-featured-img":"","footer-sml-layout":"","ast-disable-related-posts":"","theme-transparent-header-meta":"default","adv-header-id-meta":"","stick-header-meta":"","header-above-stick-meta":"","header-main-stick-meta":"","header-below-stick-meta":"","astra-migrate-meta-layouts":"set","ast-page-background-enabled":"default","ast-page-background-meta":{"desktop":{"background-color":"var(--ast-global-color-4)","background-image":"","background-repeat":"repeat","background-position":"center center","background-size":"auto","background-attachment":"scroll","background-type":"","background-media":"","overlay-type":"","overlay-color":"","overlay-opacity":"","overlay-gradient":""},"tablet":{"background-color":"","background-image":"","background-repeat":"repeat","background-position":"center center","background-size":"auto","background-attachment":"scroll","background-type":"","background-media":"","overlay-type":"","overlay-color":"","overlay-opacity":"","overlay-gradient":""},"mobile":{"background-color":"","background-image":"","background-repeat":"repeat","background-position":"center center","background-size":"auto","background-attachment":"scroll","background-type":"","background-media":"","overlay-type":"","overlay-color":"","overlay-opacity":"","overlay-gradient":""}},"ast-content-background-meta":{"desktop":{"background-color":"var(--ast-global-color-5)","background-image":"","background-repeat":"repeat","background-position":"center center","background-size":"auto","background-attachment":"scroll","background-type":"","background-media":"","overlay-type":"","overlay-color":"","overlay-opacity":"","overlay-gradient":""},"tablet":{"background-color":"var(--ast-global-color-5)","background-image":"","background-repeat":"repeat","background-position":"center center","background-size":"auto","background-attachment":"scroll","background-type":"","background-media":"","overlay-type":"","overlay-color":"","overlay-opacity":"","overlay-gradient":""},"mobile":{"background-color":"var(--ast-global-color-5)","background-image":"","background-repeat":"repeat","background-position":"center center","background-size":"auto","background-attachment":"scroll","background-type":"","background-media":"","overlay-type":"","overlay-color":"","overlay-opacity":"","overlay-gradient":""}}},"product_brand":[],"product_cat":[88,94],"product_tag":[361,653],"class_list":{"0":"post-4201","1":"product","2":"type-product","3":"status-publish","4":"has-post-thumbnail","6":"product_cat-dogal-tas-dizileri","7":"product_cat-tum-urunler","8":"product_tag-labradorit-tr","9":"product_tag-labradorit-tasi","10":"desktop-align-center","11":"tablet-align-left","12":"mobile-align-left","14":"first","15":"instock","16":"sale","17":"taxable","18":"shipping-taxable","19":"purchasable","20":"product-type-simple"},"_links":{"self":[{"href":"https:\/\/www.seibusilverstone.com\/en\/wp-json\/wp\/v2\/product\/4201","targetHints":{"allow":["GET"]}}],"collection":[{"href":"https:\/\/www.seibusilverstone.com\/en\/wp-json\/wp\/v2\/product"}],"about":[{"href":"https:\/\/www.seibusilverstone.com\/en\/wp-json\/wp\/v2\/types\/product"}],"replies":[{"embeddable":true,"href":"https:\/\/www.seibusilverstone.com\/en\/wp-json\/wp\/v2\/comments?post=4201"}],"version-history":[{"count":1,"href":"https:\/\/www.seibusilverstone.com\/en\/wp-json\/wp\/v2\/product\/4201\/revisions"}],"predecessor-version":[{"id":4206,"href":"https:\/\/www.seibusilverstone.com\/en\/wp-json\/wp\/v2\/product\/4201\/revisions\/4206"}],"wp:featuredmedia":[{"embeddable":true,"href":"https:\/\/www.seibusilverstone.com\/en\/wp-json\/wp\/v2\/media\/4202"}],"wp:attachment":[{"href":"https:\/\/www.seibusilverstone.com\/en\/wp-json\/wp\/v2\/media?parent=4201"}],"wp:term":[{"taxonomy":"product_brand","embeddable":true,"href":"https:\/\/www.seibusilverstone.com\/en\/wp-json\/wp\/v2\/product_brand?post=4201"},{"taxonomy":"product_cat","embeddable":true,"href":"https:\/\/www.seibusilverstone.com\/en\/wp-json\/wp\/v2\/product_cat?post=4201"},{"taxonomy":"product_tag","embeddable":true,"href":"https:\/\/www.seibusilverstone.com\/en\/wp-json\/wp\/v2\/product_tag?post=4201"}],"curies":[{"name":"wp","href":"https:\/\/api.w.org\/{rel}","templated":true}]}}