{"id":4304,"date":"2025-06-13T06:26:24","date_gmt":"2025-06-13T06:26:24","guid":{"rendered":"https:\/\/www.seibusilverstone.com\/?post_type=product&#038;p=4304"},"modified":"2025-10-17T08:27:11","modified_gmt":"2025-10-17T08:27:11","slug":"spinel-6","status":"publish","type":"product","link":"https:\/\/www.seibusilverstone.com\/en\/shop\/spinel-6\/","title":{"rendered":"SP\u0130NEL"},"content":{"rendered":"<p>Stresi azaltt\u0131\u011f\u0131 s\u00f6yleniyor.<br \/>\nEntelekt\u00fcel g\u00fcc\u00fc artt\u0131rd\u0131\u011f\u0131 ve unutkanl\u0131\u011f\u0131 azaltt\u0131\u011f\u0131 s\u00f6ylenmektedir.<br \/>\nT\u00fckenen enerjiyi yeniledi\u011fine inan\u0131l\u0131yor.<br \/>\nDayan\u0131kl\u0131l\u0131\u011f\u0131 artt\u0131rd\u0131\u011f\u0131 ve hayat\u0131n zorluklar\u0131n\u0131 daha kolay kabul etmeye yard\u0131mc\u0131 oldu\u011fu d\u00fc\u015f\u00fcn\u00fclmektedir.<br \/>\nZihni g\u00fc\u00e7lendirdi\u011fi rivayet edilir.<br \/>\nDepresyon ve zihinsel gerginli\u011fi hafifletti\u011fine dair bir inan\u0131\u015f var.<br \/>\nV\u00fccudun auras\u0131n\u0131 temizledi\u011finden bahsedilmektedir.<br \/>\nBir g\u00f6r\u00fc\u015fe g\u00f6re Spinel ta\u015f\u0131, takan ki\u015fiyi olumsuz d\u00fc\u015f\u00fcncelerden uzak tutar.<br \/>\n\u00d6zg\u00fcveni artt\u0131r\u0131c\u0131 etkisinden bahsedenler var.<\/p>\n","protected":false},"excerpt":{"rendered":"<p>Men\u015fei: \u00c7in<\/p>\n<p>Uzunluk: 40 cm<\/p>\n<p>\u00d6l\u00e7\u00fc: 2 mm<\/p>\n","protected":false},"featured_media":4307,"comment_status":"open","ping_status":"closed","template":"","meta":{"site-sidebar-layout":"default","site-content-layout":"","ast-site-content-layout":"default","site-content-style":"default","site-sidebar-style":"default","ast-global-header-display":"","ast-banner-title-visibility":"","ast-main-header-display":"","ast-hfb-above-header-display":"","ast-hfb-below-header-display":"","ast-hfb-mobile-header-display":"","site-post-title":"","ast-breadcrumbs-content":"","ast-featured-img":"","footer-sml-layout":"","ast-disable-related-posts":"","theme-transparent-header-meta":"default","adv-header-id-meta":"","stick-header-meta":"","header-above-stick-meta":"","header-main-stick-meta":"","header-below-stick-meta":"","astra-migrate-meta-layouts":"set","ast-page-background-enabled":"default","ast-page-background-meta":{"desktop":{"background-color":"var(--ast-global-color-4)","background-image":"","background-repeat":"repeat","background-position":"center center","background-size":"auto","background-attachment":"scroll","background-type":"","background-media":"","overlay-type":"","overlay-color":"","overlay-opacity":"","overlay-gradient":""},"tablet":{"background-color":"","background-image":"","background-repeat":"repeat","background-position":"center center","background-size":"auto","background-attachment":"scroll","background-type":"","background-media":"","overlay-type":"","overlay-color":"","overlay-opacity":"","overlay-gradient":""},"mobile":{"background-color":"","background-image":"","background-repeat":"repeat","background-position":"center center","background-size":"auto","background-attachment":"scroll","background-type":"","background-media":"","overlay-type":"","overlay-color":"","overlay-opacity":"","overlay-gradient":""}},"ast-content-background-meta":{"desktop":{"background-color":"var(--ast-global-color-5)","background-image":"","background-repeat":"repeat","background-position":"center center","background-size":"auto","background-attachment":"scroll","background-type":"","background-media":"","overlay-type":"","overlay-color":"","overlay-opacity":"","overlay-gradient":""},"tablet":{"background-color":"var(--ast-global-color-5)","background-image":"","background-repeat":"repeat","background-position":"center center","background-size":"auto","background-attachment":"scroll","background-type":"","background-media":"","overlay-type":"","overlay-color":"","overlay-opacity":"","overlay-gradient":""},"mobile":{"background-color":"var(--ast-global-color-5)","background-image":"","background-repeat":"repeat","background-position":"center center","background-size":"auto","background-attachment":"scroll","background-type":"","background-media":"","overlay-type":"","overlay-color":"","overlay-opacity":"","overlay-gradient":""}}},"product_brand":[],"product_cat":[88,94],"product_tag":[331,666],"class_list":{"0":"post-4304","1":"product","2":"type-product","3":"status-publish","4":"has-post-thumbnail","6":"product_cat-dogal-tas-dizileri","7":"product_cat-tum-urunler","8":"product_tag-spinel-tr","9":"product_tag-spinel-tasi","10":"desktop-align-center","11":"tablet-align-left","12":"mobile-align-left","14":"first","15":"instock","16":"sale","17":"taxable","18":"shipping-taxable","19":"purchasable","20":"product-type-simple"},"_links":{"self":[{"href":"https:\/\/www.seibusilverstone.com\/en\/wp-json\/wp\/v2\/product\/4304","targetHints":{"allow":["GET"]}}],"collection":[{"href":"https:\/\/www.seibusilverstone.com\/en\/wp-json\/wp\/v2\/product"}],"about":[{"href":"https:\/\/www.seibusilverstone.com\/en\/wp-json\/wp\/v2\/types\/product"}],"replies":[{"embeddable":true,"href":"https:\/\/www.seibusilverstone.com\/en\/wp-json\/wp\/v2\/comments?post=4304"}],"version-history":[{"count":2,"href":"https:\/\/www.seibusilverstone.com\/en\/wp-json\/wp\/v2\/product\/4304\/revisions"}],"predecessor-version":[{"id":7982,"href":"https:\/\/www.seibusilverstone.com\/en\/wp-json\/wp\/v2\/product\/4304\/revisions\/7982"}],"wp:featuredmedia":[{"embeddable":true,"href":"https:\/\/www.seibusilverstone.com\/en\/wp-json\/wp\/v2\/media\/4307"}],"wp:attachment":[{"href":"https:\/\/www.seibusilverstone.com\/en\/wp-json\/wp\/v2\/media?parent=4304"}],"wp:term":[{"taxonomy":"product_brand","embeddable":true,"href":"https:\/\/www.seibusilverstone.com\/en\/wp-json\/wp\/v2\/product_brand?post=4304"},{"taxonomy":"product_cat","embeddable":true,"href":"https:\/\/www.seibusilverstone.com\/en\/wp-json\/wp\/v2\/product_cat?post=4304"},{"taxonomy":"product_tag","embeddable":true,"href":"https:\/\/www.seibusilverstone.com\/en\/wp-json\/wp\/v2\/product_tag?post=4304"}],"curies":[{"name":"wp","href":"https:\/\/api.w.org\/{rel}","templated":true}]}}