{"id":4407,"date":"2025-06-18T08:07:42","date_gmt":"2025-06-18T08:07:42","guid":{"rendered":"https:\/\/www.seibusilverstone.com\/?post_type=product&#038;p=4407"},"modified":"2026-03-29T14:19:57","modified_gmt":"2026-03-29T14:19:57","slug":"mercan-bambu","status":"publish","type":"product","link":"https:\/\/www.seibusilverstone.com\/en\/shop\/mercan-bambu\/","title":{"rendered":"Mercan (Bambu)"},"content":{"rendered":"<p>Mercan,\u00a0<strong><a href=\"https:\/\/www.degerlitaslar.gen.tr\/inci\" target=\"_blank\" rel=\"noreferrer noopener\">inci<\/a><\/strong>\u00a0ve\u00a0<strong><a href=\"https:\/\/www.degerlitaslar.gen.tr\/sedef\" target=\"_blank\" rel=\"noreferrer noopener\">sedef<\/a><\/strong>\u00a0gibi denizlerde ve okyanuslarda ya\u015fayan organik bir canl\u0131d\u0131r. Bu yaz\u0131m\u0131zda do\u011fan\u0131n bize sundu\u011fu g\u00fczelliklerden sadece biri olan Mercan\u2019\u0131n ta\u015fa d\u00f6n\u00fc\u015fmesinden, sonras\u0131nda \u00f6zelliklerinden ve faydalar\u0131ndan bahsedece\u011fim.<\/p>\n<p><strong>Mercan ta\u015f\u0131<\/strong>, beyazdan k\u0131rm\u0131z\u0131ya, pembe ve turuncunun her tonunda bulunabilen bir ta\u015ft\u0131r. Nadir de olsa mavi renkte olabilmektedir. Opak ve mat bir ta\u015ft\u0131r. D\u00fcnyadaki t\u00fcm s\u0131cak ve s\u0131\u011f denizlerde olu\u015fan ve ya\u015fayan canl\u0131 bir ta\u015ft\u0131r.<\/p>\n","protected":false},"excerpt":{"rendered":"<p>Men\u015fei: \u00c7in<\/p>\n<p>Uzunluk: 40 cm<\/p>\n<p>\u00d6l\u00e7\u00fc: 14*10<\/p>\n","protected":false},"featured_media":4408,"comment_status":"open","ping_status":"closed","template":"","meta":{"site-sidebar-layout":"default","site-content-layout":"","ast-site-content-layout":"default","site-content-style":"default","site-sidebar-style":"default","ast-global-header-display":"","ast-banner-title-visibility":"","ast-main-header-display":"","ast-hfb-above-header-display":"","ast-hfb-below-header-display":"","ast-hfb-mobile-header-display":"","site-post-title":"","ast-breadcrumbs-content":"","ast-featured-img":"","footer-sml-layout":"","ast-disable-related-posts":"","theme-transparent-header-meta":"default","adv-header-id-meta":"","stick-header-meta":"","header-above-stick-meta":"","header-main-stick-meta":"","header-below-stick-meta":"","astra-migrate-meta-layouts":"set","ast-page-background-enabled":"default","ast-page-background-meta":{"desktop":{"background-color":"var(--ast-global-color-4)","background-image":"","background-repeat":"repeat","background-position":"center center","background-size":"auto","background-attachment":"scroll","background-type":"","background-media":"","overlay-type":"","overlay-color":"","overlay-opacity":"","overlay-gradient":""},"tablet":{"background-color":"","background-image":"","background-repeat":"repeat","background-position":"center center","background-size":"auto","background-attachment":"scroll","background-type":"","background-media":"","overlay-type":"","overlay-color":"","overlay-opacity":"","overlay-gradient":""},"mobile":{"background-color":"","background-image":"","background-repeat":"repeat","background-position":"center center","background-size":"auto","background-attachment":"scroll","background-type":"","background-media":"","overlay-type":"","overlay-color":"","overlay-opacity":"","overlay-gradient":""}},"ast-content-background-meta":{"desktop":{"background-color":"var(--ast-global-color-5)","background-image":"","background-repeat":"repeat","background-position":"center center","background-size":"auto","background-attachment":"scroll","background-type":"","background-media":"","overlay-type":"","overlay-color":"","overlay-opacity":"","overlay-gradient":""},"tablet":{"background-color":"var(--ast-global-color-5)","background-image":"","background-repeat":"repeat","background-position":"center center","background-size":"auto","background-attachment":"scroll","background-type":"","background-media":"","overlay-type":"","overlay-color":"","overlay-opacity":"","overlay-gradient":""},"mobile":{"background-color":"var(--ast-global-color-5)","background-image":"","background-repeat":"repeat","background-position":"center center","background-size":"auto","background-attachment":"scroll","background-type":"","background-media":"","overlay-type":"","overlay-color":"","overlay-opacity":"","overlay-gradient":""}}},"product_brand":[],"product_cat":[88,94],"product_tag":[681,680],"class_list":{"0":"post-4407","1":"product","2":"type-product","3":"status-publish","4":"has-post-thumbnail","6":"product_cat-dogal-tas-dizileri","7":"product_cat-tum-urunler","8":"product_tag-mercan","9":"product_tag-mercan-tasi","10":"desktop-align-center","11":"tablet-align-left","12":"mobile-align-left","14":"first","15":"instock","16":"sale","17":"taxable","18":"shipping-taxable","19":"purchasable","20":"product-type-simple"},"_links":{"self":[{"href":"https:\/\/www.seibusilverstone.com\/en\/wp-json\/wp\/v2\/product\/4407","targetHints":{"allow":["GET"]}}],"collection":[{"href":"https:\/\/www.seibusilverstone.com\/en\/wp-json\/wp\/v2\/product"}],"about":[{"href":"https:\/\/www.seibusilverstone.com\/en\/wp-json\/wp\/v2\/types\/product"}],"replies":[{"embeddable":true,"href":"https:\/\/www.seibusilverstone.com\/en\/wp-json\/wp\/v2\/comments?post=4407"}],"version-history":[{"count":1,"href":"https:\/\/www.seibusilverstone.com\/en\/wp-json\/wp\/v2\/product\/4407\/revisions"}],"predecessor-version":[{"id":4412,"href":"https:\/\/www.seibusilverstone.com\/en\/wp-json\/wp\/v2\/product\/4407\/revisions\/4412"}],"wp:featuredmedia":[{"embeddable":true,"href":"https:\/\/www.seibusilverstone.com\/en\/wp-json\/wp\/v2\/media\/4408"}],"wp:attachment":[{"href":"https:\/\/www.seibusilverstone.com\/en\/wp-json\/wp\/v2\/media?parent=4407"}],"wp:term":[{"taxonomy":"product_brand","embeddable":true,"href":"https:\/\/www.seibusilverstone.com\/en\/wp-json\/wp\/v2\/product_brand?post=4407"},{"taxonomy":"product_cat","embeddable":true,"href":"https:\/\/www.seibusilverstone.com\/en\/wp-json\/wp\/v2\/product_cat?post=4407"},{"taxonomy":"product_tag","embeddable":true,"href":"https:\/\/www.seibusilverstone.com\/en\/wp-json\/wp\/v2\/product_tag?post=4407"}],"curies":[{"name":"wp","href":"https:\/\/api.w.org\/{rel}","templated":true}]}}