{"id":4670,"date":"2025-06-26T07:52:09","date_gmt":"2025-06-26T07:52:09","guid":{"rendered":"https:\/\/www.seibusilverstone.com\/?post_type=product&#038;p=4670"},"modified":"2025-06-26T07:52:17","modified_gmt":"2025-06-26T07:52:17","slug":"aventurin-kirik-tas","status":"publish","type":"product","link":"https:\/\/www.seibusilverstone.com\/en\/shop\/aventurin-kirik-tas\/","title":{"rendered":"Aventurin (K\u0131r\u0131k ta\u015f)"},"content":{"rendered":"<p>Fiziksel g\u00fcc\u00fc ve canl\u0131l\u0131\u011f\u0131 art\u0131r\u0131r.<\/p>\n<p>Elektromanyetik kirlili\u011fi n\u00f6tralize eder.<\/p>\n<p>Strese kar\u015f\u0131 etkilidir ve azalt\u0131r. Pozitif Enerji Verir.<\/p>\n<p>Psikolojik rahats\u0131zl\u0131klara iyi gelir.<\/p>\n<p>\u00d6zellikle kalp sa\u011fl\u0131\u011f\u0131na olumlu etkileri olan bir ta\u015ft\u0131r.<\/p>\n<p>Duygusal a\u00e7\u0131dan dengeleyicidir ve depresyona kar\u015f\u0131 etkilidir.<\/p>\n<p>Mutlu hissetmek i\u00e7in kullanabilece\u011finiz bir ta\u015ft\u0131r.<\/p>\n<p>\u015eans ta\u015f\u0131 olarak kabul edilir.<\/p>\n<p>\u015eans ve bolluk ve bereket getirdi\u011fine inan\u0131l\u0131r.<\/p>\n<p>Haf\u0131zay\u0131 g\u00fc\u00e7lendirir.<\/p>\n<p>Kekemeli\u011fe iyi gelir.<\/p>\n<p>G\u00f6zleri rahatlat\u0131r.<\/p>\n","protected":false},"excerpt":{"rendered":"<p>Men\u015fei: \u00c7in<\/p>\n<p>Uzunluk: 40 cm<\/p>\n<p>\u00d6l\u00e7\u00fc &#8211;<\/p>\n","protected":false},"featured_media":4671,"comment_status":"open","ping_status":"closed","template":"","meta":{"site-sidebar-layout":"default","site-content-layout":"","ast-site-content-layout":"default","site-content-style":"default","site-sidebar-style":"default","ast-global-header-display":"","ast-banner-title-visibility":"","ast-main-header-display":"","ast-hfb-above-header-display":"","ast-hfb-below-header-display":"","ast-hfb-mobile-header-display":"","site-post-title":"","ast-breadcrumbs-content":"","ast-featured-img":"","footer-sml-layout":"","ast-disable-related-posts":"","theme-transparent-header-meta":"default","adv-header-id-meta":"","stick-header-meta":"","header-above-stick-meta":"","header-main-stick-meta":"","header-below-stick-meta":"","astra-migrate-meta-layouts":"set","ast-page-background-enabled":"default","ast-page-background-meta":{"desktop":{"background-color":"var(--ast-global-color-4)","background-image":"","background-repeat":"repeat","background-position":"center center","background-size":"auto","background-attachment":"scroll","background-type":"","background-media":"","overlay-type":"","overlay-color":"","overlay-opacity":"","overlay-gradient":""},"tablet":{"background-color":"","background-image":"","background-repeat":"repeat","background-position":"center center","background-size":"auto","background-attachment":"scroll","background-type":"","background-media":"","overlay-type":"","overlay-color":"","overlay-opacity":"","overlay-gradient":""},"mobile":{"background-color":"","background-image":"","background-repeat":"repeat","background-position":"center center","background-size":"auto","background-attachment":"scroll","background-type":"","background-media":"","overlay-type":"","overlay-color":"","overlay-opacity":"","overlay-gradient":""}},"ast-content-background-meta":{"desktop":{"background-color":"var(--ast-global-color-5)","background-image":"","background-repeat":"repeat","background-position":"center center","background-size":"auto","background-attachment":"scroll","background-type":"","background-media":"","overlay-type":"","overlay-color":"","overlay-opacity":"","overlay-gradient":""},"tablet":{"background-color":"var(--ast-global-color-5)","background-image":"","background-repeat":"repeat","background-position":"center center","background-size":"auto","background-attachment":"scroll","background-type":"","background-media":"","overlay-type":"","overlay-color":"","overlay-opacity":"","overlay-gradient":""},"mobile":{"background-color":"var(--ast-global-color-5)","background-image":"","background-repeat":"repeat","background-position":"center center","background-size":"auto","background-attachment":"scroll","background-type":"","background-media":"","overlay-type":"","overlay-color":"","overlay-opacity":"","overlay-gradient":""}}},"product_brand":[],"product_cat":[88,94],"product_tag":[467,702,696],"class_list":{"0":"post-4670","1":"product","2":"type-product","3":"status-publish","4":"has-post-thumbnail","6":"product_cat-dogal-tas-dizileri","7":"product_cat-tum-urunler","8":"product_tag-aventurin-tr","9":"product_tag-aventurin-kirik-tas","10":"product_tag-kirik-tas","11":"desktop-align-center","12":"tablet-align-left","13":"mobile-align-left","15":"first","16":"instock","17":"sale","18":"taxable","19":"shipping-taxable","20":"purchasable","21":"product-type-simple"},"_links":{"self":[{"href":"https:\/\/www.seibusilverstone.com\/en\/wp-json\/wp\/v2\/product\/4670","targetHints":{"allow":["GET"]}}],"collection":[{"href":"https:\/\/www.seibusilverstone.com\/en\/wp-json\/wp\/v2\/product"}],"about":[{"href":"https:\/\/www.seibusilverstone.com\/en\/wp-json\/wp\/v2\/types\/product"}],"replies":[{"embeddable":true,"href":"https:\/\/www.seibusilverstone.com\/en\/wp-json\/wp\/v2\/comments?post=4670"}],"version-history":[{"count":2,"href":"https:\/\/www.seibusilverstone.com\/en\/wp-json\/wp\/v2\/product\/4670\/revisions"}],"predecessor-version":[{"id":4676,"href":"https:\/\/www.seibusilverstone.com\/en\/wp-json\/wp\/v2\/product\/4670\/revisions\/4676"}],"wp:featuredmedia":[{"embeddable":true,"href":"https:\/\/www.seibusilverstone.com\/en\/wp-json\/wp\/v2\/media\/4671"}],"wp:attachment":[{"href":"https:\/\/www.seibusilverstone.com\/en\/wp-json\/wp\/v2\/media?parent=4670"}],"wp:term":[{"taxonomy":"product_brand","embeddable":true,"href":"https:\/\/www.seibusilverstone.com\/en\/wp-json\/wp\/v2\/product_brand?post=4670"},{"taxonomy":"product_cat","embeddable":true,"href":"https:\/\/www.seibusilverstone.com\/en\/wp-json\/wp\/v2\/product_cat?post=4670"},{"taxonomy":"product_tag","embeddable":true,"href":"https:\/\/www.seibusilverstone.com\/en\/wp-json\/wp\/v2\/product_tag?post=4670"}],"curies":[{"name":"wp","href":"https:\/\/api.w.org\/{rel}","templated":true}]}}