{"id":4677,"date":"2025-06-26T08:12:07","date_gmt":"2025-06-26T08:12:07","guid":{"rendered":"https:\/\/www.seibusilverstone.com\/?post_type=product&#038;p=4677"},"modified":"2025-06-26T08:12:16","modified_gmt":"2025-06-26T08:12:16","slug":"sitrin-ve-pembe-quartz-karisik","status":"publish","type":"product","link":"https:\/\/www.seibusilverstone.com\/en\/shop\/sitrin-ve-pembe-quartz-karisik\/","title":{"rendered":"Sitrin ve pembe quartz (kar\u0131\u015f\u0131k)"},"content":{"rendered":"<p>S\u0130TR\u0130N<\/p>\n<p>Bolluk ve bereketi \u00e7ekti\u011fine inan\u0131l\u0131r.<br \/>\n\u00d6zg\u00fcven sorunu ya\u015fayanlar i\u00e7in idealdir. Ki\u015fiye ilham ve motivasyon verir.<br \/>\nG\u00fcne\u015f ile olan ili\u015fkisi nedeniyle ya\u015fam enerjisinin ve mutlulu\u011fun ta\u015f\u0131d\u0131r. Etraf\u0131nda.<br \/>\nPozitif enerji yayar.<br \/>\nBa\u015far\u0131n\u0131n ta\u015f\u0131d\u0131r. Zihni ar\u0131nd\u0131r\u0131r ve hedefe odaklanmaya yard\u0131mc\u0131 olur.<\/p>\n<p>PEMBE QUARTZ<\/p>\n<p><b>Pembe kuvars ta\u015f\u0131<\/b>, kalp \u00e7akras\u0131 ile ili\u015fkilendirilerek sevgi, \u015fefkat ve merhamet duygular\u0131n\u0131n g\u00fc\u00e7lenmesine yard\u0131mc\u0131 olur. Ayr\u0131ca ili\u015fkilerde uyum ve dengeyi destekler. Fiziksel olarak da ba\u011f\u0131\u015f\u0131kl\u0131k sistemini g\u00fc\u00e7lendirici etkisi bulunur ve v\u00fccudu negatif enerjilerden ar\u0131nd\u0131r\u0131r.<\/p>\n","protected":false},"excerpt":{"rendered":"<p>Men\u015fei: \u00c7in<\/p>\n<p>Uzunluk: 40 cm<\/p>\n<p>\u00d6l\u00e7\u00fc:-<\/p>\n","protected":false},"featured_media":4678,"comment_status":"open","ping_status":"closed","template":"","meta":{"site-sidebar-layout":"default","site-content-layout":"","ast-site-content-layout":"default","site-content-style":"default","site-sidebar-style":"default","ast-global-header-display":"","ast-banner-title-visibility":"","ast-main-header-display":"","ast-hfb-above-header-display":"","ast-hfb-below-header-display":"","ast-hfb-mobile-header-display":"","site-post-title":"","ast-breadcrumbs-content":"","ast-featured-img":"","footer-sml-layout":"","ast-disable-related-posts":"","theme-transparent-header-meta":"default","adv-header-id-meta":"","stick-header-meta":"","header-above-stick-meta":"","header-main-stick-meta":"","header-below-stick-meta":"","astra-migrate-meta-layouts":"set","ast-page-background-enabled":"default","ast-page-background-meta":{"desktop":{"background-color":"var(--ast-global-color-4)","background-image":"","background-repeat":"repeat","background-position":"center center","background-size":"auto","background-attachment":"scroll","background-type":"","background-media":"","overlay-type":"","overlay-color":"","overlay-opacity":"","overlay-gradient":""},"tablet":{"background-color":"","background-image":"","background-repeat":"repeat","background-position":"center center","background-size":"auto","background-attachment":"scroll","background-type":"","background-media":"","overlay-type":"","overlay-color":"","overlay-opacity":"","overlay-gradient":""},"mobile":{"background-color":"","background-image":"","background-repeat":"repeat","background-position":"center center","background-size":"auto","background-attachment":"scroll","background-type":"","background-media":"","overlay-type":"","overlay-color":"","overlay-opacity":"","overlay-gradient":""}},"ast-content-background-meta":{"desktop":{"background-color":"var(--ast-global-color-5)","background-image":"","background-repeat":"repeat","background-position":"center center","background-size":"auto","background-attachment":"scroll","background-type":"","background-media":"","overlay-type":"","overlay-color":"","overlay-opacity":"","overlay-gradient":""},"tablet":{"background-color":"var(--ast-global-color-5)","background-image":"","background-repeat":"repeat","background-position":"center center","background-size":"auto","background-attachment":"scroll","background-type":"","background-media":"","overlay-type":"","overlay-color":"","overlay-opacity":"","overlay-gradient":""},"mobile":{"background-color":"var(--ast-global-color-5)","background-image":"","background-repeat":"repeat","background-position":"center center","background-size":"auto","background-attachment":"scroll","background-type":"","background-media":"","overlay-type":"","overlay-color":"","overlay-opacity":"","overlay-gradient":""}}},"product_brand":[],"product_cat":[88,94],"product_tag":[696,704,407,703],"class_list":{"0":"post-4677","1":"product","2":"type-product","3":"status-publish","4":"has-post-thumbnail","6":"product_cat-dogal-tas-dizileri","7":"product_cat-tum-urunler","8":"product_tag-kirik-tas","9":"product_tag-pembe-quartz","10":"product_tag-sitrin-tr","11":"product_tag-sitrin-ve-pembe-quartz","12":"desktop-align-center","13":"tablet-align-left","14":"mobile-align-left","16":"first","17":"instock","18":"sale","19":"taxable","20":"shipping-taxable","21":"purchasable","22":"product-type-simple"},"_links":{"self":[{"href":"https:\/\/www.seibusilverstone.com\/en\/wp-json\/wp\/v2\/product\/4677","targetHints":{"allow":["GET"]}}],"collection":[{"href":"https:\/\/www.seibusilverstone.com\/en\/wp-json\/wp\/v2\/product"}],"about":[{"href":"https:\/\/www.seibusilverstone.com\/en\/wp-json\/wp\/v2\/types\/product"}],"replies":[{"embeddable":true,"href":"https:\/\/www.seibusilverstone.com\/en\/wp-json\/wp\/v2\/comments?post=4677"}],"version-history":[{"count":2,"href":"https:\/\/www.seibusilverstone.com\/en\/wp-json\/wp\/v2\/product\/4677\/revisions"}],"predecessor-version":[{"id":4683,"href":"https:\/\/www.seibusilverstone.com\/en\/wp-json\/wp\/v2\/product\/4677\/revisions\/4683"}],"wp:featuredmedia":[{"embeddable":true,"href":"https:\/\/www.seibusilverstone.com\/en\/wp-json\/wp\/v2\/media\/4678"}],"wp:attachment":[{"href":"https:\/\/www.seibusilverstone.com\/en\/wp-json\/wp\/v2\/media?parent=4677"}],"wp:term":[{"taxonomy":"product_brand","embeddable":true,"href":"https:\/\/www.seibusilverstone.com\/en\/wp-json\/wp\/v2\/product_brand?post=4677"},{"taxonomy":"product_cat","embeddable":true,"href":"https:\/\/www.seibusilverstone.com\/en\/wp-json\/wp\/v2\/product_cat?post=4677"},{"taxonomy":"product_tag","embeddable":true,"href":"https:\/\/www.seibusilverstone.com\/en\/wp-json\/wp\/v2\/product_tag?post=4677"}],"curies":[{"name":"wp","href":"https:\/\/api.w.org\/{rel}","templated":true}]}}