{"id":4717,"date":"2025-06-26T12:34:53","date_gmt":"2025-06-26T12:34:53","guid":{"rendered":"https:\/\/www.seibusilverstone.com\/?post_type=product&#038;p=4717"},"modified":"2025-06-26T12:34:59","modified_gmt":"2025-06-26T12:34:59","slug":"akuamarin-ve-pembe-quartz-karisik-tas","status":"publish","type":"product","link":"https:\/\/www.seibusilverstone.com\/en\/shop\/akuamarin-ve-pembe-quartz-karisik-tas\/","title":{"rendered":"AKUAMAR\u0130N VE PEMBE QUARTZ (KARI\u015eIK TA\u015e)"},"content":{"rendered":"<p>Solunum bozukluklar\u0131, ast\u0131m, bo\u011faz a\u011fr\u0131s\u0131, bron\u015fit ve tiroid bezi rahats\u0131zl\u0131klar\u0131na iyi gelir.<br \/>\nSindirim sisteminin sa\u011fl\u0131kl\u0131 \u00e7al\u0131\u015fmas\u0131na yard\u0131mc\u0131 olur.<br \/>\nBezlerin, t\u00fcm\u00f6rlerin ve di\u011fer \u015fi\u015fliklerin iyile\u015fmesine yard\u0131mc\u0131 olur.<br \/>\n\u00c7ene kemiklerinin ve di\u015flerin sa\u011fl\u0131kl\u0131 kalmas\u0131n\u0131 sa\u011flar.<br \/>\nKendine g\u00fcven, cesaret ve denge yarat\u0131r. Duygular\u0131 ifade etme cesareti verir.<br \/>\n\u00d6zellikleri sayesinde gerginlik ve strese kar\u015f\u0131 kullan\u0131lmaya en uygun ta\u015flardan biridir. Bu durumda mavi rengin \u00f6demi b\u00fcy\u00fckt\u00fcr.<br \/>\nBeden ve zihin aras\u0131ndaki ili\u015fkiyi g\u00fc\u00e7lendirerek sezgileri g\u00fc\u00e7lendirir.<\/p>\n","protected":false},"excerpt":{"rendered":"<p>Men\u015fei: \u00c7in<\/p>\n<p>Uzunluk: 40 cm<\/p>\n<p>\u00d6l\u00e7\u00fc: &#8211;<\/p>\n","protected":false},"featured_media":4718,"comment_status":"open","ping_status":"closed","template":"","meta":{"site-sidebar-layout":"default","site-content-layout":"","ast-site-content-layout":"default","site-content-style":"default","site-sidebar-style":"default","ast-global-header-display":"","ast-banner-title-visibility":"","ast-main-header-display":"","ast-hfb-above-header-display":"","ast-hfb-below-header-display":"","ast-hfb-mobile-header-display":"","site-post-title":"","ast-breadcrumbs-content":"","ast-featured-img":"","footer-sml-layout":"","ast-disable-related-posts":"","theme-transparent-header-meta":"default","adv-header-id-meta":"","stick-header-meta":"","header-above-stick-meta":"","header-main-stick-meta":"","header-below-stick-meta":"","astra-migrate-meta-layouts":"set","ast-page-background-enabled":"default","ast-page-background-meta":{"desktop":{"background-color":"var(--ast-global-color-4)","background-image":"","background-repeat":"repeat","background-position":"center center","background-size":"auto","background-attachment":"scroll","background-type":"","background-media":"","overlay-type":"","overlay-color":"","overlay-opacity":"","overlay-gradient":""},"tablet":{"background-color":"","background-image":"","background-repeat":"repeat","background-position":"center center","background-size":"auto","background-attachment":"scroll","background-type":"","background-media":"","overlay-type":"","overlay-color":"","overlay-opacity":"","overlay-gradient":""},"mobile":{"background-color":"","background-image":"","background-repeat":"repeat","background-position":"center center","background-size":"auto","background-attachment":"scroll","background-type":"","background-media":"","overlay-type":"","overlay-color":"","overlay-opacity":"","overlay-gradient":""}},"ast-content-background-meta":{"desktop":{"background-color":"var(--ast-global-color-5)","background-image":"","background-repeat":"repeat","background-position":"center center","background-size":"auto","background-attachment":"scroll","background-type":"","background-media":"","overlay-type":"","overlay-color":"","overlay-opacity":"","overlay-gradient":""},"tablet":{"background-color":"var(--ast-global-color-5)","background-image":"","background-repeat":"repeat","background-position":"center center","background-size":"auto","background-attachment":"scroll","background-type":"","background-media":"","overlay-type":"","overlay-color":"","overlay-opacity":"","overlay-gradient":""},"mobile":{"background-color":"var(--ast-global-color-5)","background-image":"","background-repeat":"repeat","background-position":"center center","background-size":"auto","background-attachment":"scroll","background-type":"","background-media":"","overlay-type":"","overlay-color":"","overlay-opacity":"","overlay-gradient":""}}},"product_brand":[],"product_cat":[88,94],"product_tag":[705,708,696],"class_list":{"0":"post-4717","1":"product","2":"type-product","3":"status-publish","4":"has-post-thumbnail","6":"product_cat-dogal-tas-dizileri","7":"product_cat-tum-urunler","8":"product_tag-akuamarin","9":"product_tag-karisik-tas","10":"product_tag-kirik-tas","11":"desktop-align-center","12":"tablet-align-left","13":"mobile-align-left","15":"first","16":"instock","17":"sale","18":"taxable","19":"shipping-taxable","20":"purchasable","21":"product-type-simple"},"_links":{"self":[{"href":"https:\/\/www.seibusilverstone.com\/en\/wp-json\/wp\/v2\/product\/4717","targetHints":{"allow":["GET"]}}],"collection":[{"href":"https:\/\/www.seibusilverstone.com\/en\/wp-json\/wp\/v2\/product"}],"about":[{"href":"https:\/\/www.seibusilverstone.com\/en\/wp-json\/wp\/v2\/types\/product"}],"replies":[{"embeddable":true,"href":"https:\/\/www.seibusilverstone.com\/en\/wp-json\/wp\/v2\/comments?post=4717"}],"version-history":[{"count":2,"href":"https:\/\/www.seibusilverstone.com\/en\/wp-json\/wp\/v2\/product\/4717\/revisions"}],"predecessor-version":[{"id":4723,"href":"https:\/\/www.seibusilverstone.com\/en\/wp-json\/wp\/v2\/product\/4717\/revisions\/4723"}],"wp:featuredmedia":[{"embeddable":true,"href":"https:\/\/www.seibusilverstone.com\/en\/wp-json\/wp\/v2\/media\/4718"}],"wp:attachment":[{"href":"https:\/\/www.seibusilverstone.com\/en\/wp-json\/wp\/v2\/media?parent=4717"}],"wp:term":[{"taxonomy":"product_brand","embeddable":true,"href":"https:\/\/www.seibusilverstone.com\/en\/wp-json\/wp\/v2\/product_brand?post=4717"},{"taxonomy":"product_cat","embeddable":true,"href":"https:\/\/www.seibusilverstone.com\/en\/wp-json\/wp\/v2\/product_cat?post=4717"},{"taxonomy":"product_tag","embeddable":true,"href":"https:\/\/www.seibusilverstone.com\/en\/wp-json\/wp\/v2\/product_tag?post=4717"}],"curies":[{"name":"wp","href":"https:\/\/api.w.org\/{rel}","templated":true}]}}