{"id":4805,"date":"2025-07-02T08:38:41","date_gmt":"2025-07-02T08:38:41","guid":{"rendered":"https:\/\/www.seibusilverstone.com\/?post_type=product&#038;p=4805"},"modified":"2025-07-02T08:38:44","modified_gmt":"2025-07-02T08:38:44","slug":"pembe-quartz-kirik-tas-2","status":"publish","type":"product","link":"https:\/\/www.seibusilverstone.com\/en\/shop\/pembe-quartz-kirik-tas-2\/","title":{"rendered":"Pembe Quartz (K\u0131r\u0131k ta\u015f)"},"content":{"rendered":"<pre id=\"tw-target-text\" class=\"tw-data-text tw-text-large tw-ta\" dir=\"ltr\" data-placeholder=\"\u00c7eviri\" aria-label=\"\u00c7evrilmi\u015f metin: Pembe kuvars ta\u015f\u0131 kalp \u00e7akras\u0131 ta\u015f\u0131d\u0131r. Duygusal \u015fifa sa\u011flar. 7 \u00c7akradan 1'idir. A\u015fk, Mutluluk ve Huzur ta\u015f\u0131d\u0131r. Ametist (A\u015eK ve ENERJ\u0130) ile da\u011f\u0131lma etkisi artar. Ba\u015f a\u011fr\u0131s\u0131n\u0131 azalt\u0131r. Kayg\u0131 ve Stresi \u00f6nler. \u00d6fke ve k\u0131zg\u0131nl\u0131\u011f\u0131 art\u0131r\u0131r.\" data-ved=\"2ahUKEwirl5eH3oiLAxVpYPEDHQaWIzIQ3ewLegQIDRAU\"><span class=\"Y2IQFc\" lang=\"en\">Pembe kuvars ta\u015f\u0131 kalp \u00e7akras\u0131 ta\u015f\u0131d\u0131r.\r\nDuygusal \u015fifa sa\u011flar.\r\n7 \u00c7akradan biridir.\r\nA\u015fk, mutluluk ve huzurun ta\u015f\u0131d\u0131r.\r\nAmetist (SEVG\u0130 ve ENERJ\u0130) ile dispersiyon etkisi b\u00fcy\u00fcmeleri\r\nBa\u015f a\u011fr\u0131s\u0131n\u0131 azalt\u0131r.\r\nKayg\u0131 ve Stresi \u00d6nler.\r\n\u00d6fke ve k\u0131rg\u0131nl\u0131\u011f\u0131 art\u0131r\u0131r.<\/span><\/pre>\n","protected":false},"excerpt":{"rendered":"<p>Men\u015fei: \u00c7in<\/p>\n<p>Uzunluk: 40 cm<\/p>\n<p>\u00d6l\u00e7\u00fc: &#8211;<\/p>\n","protected":false},"featured_media":4806,"comment_status":"open","ping_status":"closed","template":"","meta":{"site-sidebar-layout":"default","site-content-layout":"","ast-site-content-layout":"default","site-content-style":"default","site-sidebar-style":"default","ast-global-header-display":"","ast-banner-title-visibility":"","ast-main-header-display":"","ast-hfb-above-header-display":"","ast-hfb-below-header-display":"","ast-hfb-mobile-header-display":"","site-post-title":"","ast-breadcrumbs-content":"","ast-featured-img":"","footer-sml-layout":"","ast-disable-related-posts":"","theme-transparent-header-meta":"default","adv-header-id-meta":"","stick-header-meta":"","header-above-stick-meta":"","header-main-stick-meta":"","header-below-stick-meta":"","astra-migrate-meta-layouts":"set","ast-page-background-enabled":"default","ast-page-background-meta":{"desktop":{"background-color":"var(--ast-global-color-4)","background-image":"","background-repeat":"repeat","background-position":"center center","background-size":"auto","background-attachment":"scroll","background-type":"","background-media":"","overlay-type":"","overlay-color":"","overlay-opacity":"","overlay-gradient":""},"tablet":{"background-color":"","background-image":"","background-repeat":"repeat","background-position":"center center","background-size":"auto","background-attachment":"scroll","background-type":"","background-media":"","overlay-type":"","overlay-color":"","overlay-opacity":"","overlay-gradient":""},"mobile":{"background-color":"","background-image":"","background-repeat":"repeat","background-position":"center center","background-size":"auto","background-attachment":"scroll","background-type":"","background-media":"","overlay-type":"","overlay-color":"","overlay-opacity":"","overlay-gradient":""}},"ast-content-background-meta":{"desktop":{"background-color":"var(--ast-global-color-5)","background-image":"","background-repeat":"repeat","background-position":"center center","background-size":"auto","background-attachment":"scroll","background-type":"","background-media":"","overlay-type":"","overlay-color":"","overlay-opacity":"","overlay-gradient":""},"tablet":{"background-color":"var(--ast-global-color-5)","background-image":"","background-repeat":"repeat","background-position":"center center","background-size":"auto","background-attachment":"scroll","background-type":"","background-media":"","overlay-type":"","overlay-color":"","overlay-opacity":"","overlay-gradient":""},"mobile":{"background-color":"var(--ast-global-color-5)","background-image":"","background-repeat":"repeat","background-position":"center center","background-size":"auto","background-attachment":"scroll","background-type":"","background-media":"","overlay-type":"","overlay-color":"","overlay-opacity":"","overlay-gradient":""}}},"product_brand":[],"product_cat":[88,94],"product_tag":[704,712],"class_list":{"0":"post-4805","1":"product","2":"type-product","3":"status-publish","4":"has-post-thumbnail","6":"product_cat-dogal-tas-dizileri","7":"product_cat-tum-urunler","8":"product_tag-pembe-quartz","9":"product_tag-pink-quartz-2","10":"desktop-align-center","11":"tablet-align-left","12":"mobile-align-left","14":"first","15":"instock","16":"sale","17":"taxable","18":"shipping-taxable","19":"purchasable","20":"product-type-simple"},"_links":{"self":[{"href":"https:\/\/www.seibusilverstone.com\/en\/wp-json\/wp\/v2\/product\/4805","targetHints":{"allow":["GET"]}}],"collection":[{"href":"https:\/\/www.seibusilverstone.com\/en\/wp-json\/wp\/v2\/product"}],"about":[{"href":"https:\/\/www.seibusilverstone.com\/en\/wp-json\/wp\/v2\/types\/product"}],"replies":[{"embeddable":true,"href":"https:\/\/www.seibusilverstone.com\/en\/wp-json\/wp\/v2\/comments?post=4805"}],"version-history":[{"count":2,"href":"https:\/\/www.seibusilverstone.com\/en\/wp-json\/wp\/v2\/product\/4805\/revisions"}],"predecessor-version":[{"id":4811,"href":"https:\/\/www.seibusilverstone.com\/en\/wp-json\/wp\/v2\/product\/4805\/revisions\/4811"}],"wp:featuredmedia":[{"embeddable":true,"href":"https:\/\/www.seibusilverstone.com\/en\/wp-json\/wp\/v2\/media\/4806"}],"wp:attachment":[{"href":"https:\/\/www.seibusilverstone.com\/en\/wp-json\/wp\/v2\/media?parent=4805"}],"wp:term":[{"taxonomy":"product_brand","embeddable":true,"href":"https:\/\/www.seibusilverstone.com\/en\/wp-json\/wp\/v2\/product_brand?post=4805"},{"taxonomy":"product_cat","embeddable":true,"href":"https:\/\/www.seibusilverstone.com\/en\/wp-json\/wp\/v2\/product_cat?post=4805"},{"taxonomy":"product_tag","embeddable":true,"href":"https:\/\/www.seibusilverstone.com\/en\/wp-json\/wp\/v2\/product_tag?post=4805"}],"curies":[{"name":"wp","href":"https:\/\/api.w.org\/{rel}","templated":true}]}}