{"id":4876,"date":"2025-07-03T06:11:09","date_gmt":"2025-07-03T06:11:09","guid":{"rendered":"https:\/\/www.seibusilverstone.com\/?post_type=product&#038;p=4876"},"modified":"2025-07-03T06:11:15","modified_gmt":"2025-07-03T06:11:15","slug":"ay-tasi-rondelafaset","status":"publish","type":"product","link":"https:\/\/www.seibusilverstone.com\/en\/shop\/ay-tasi-rondelafaset\/","title":{"rendered":"Ay ta\u015f\u0131 (Rondela,faset)"},"content":{"rendered":"<p>Ay ta\u015f\u0131 duygusal dengeleyici g\u00f6revi g\u00f6r\u00fcr.<br \/>\nRahatlat\u0131c\u0131 ve sakinle\u015ftirici \u00f6zelli\u011fi vard\u0131r.<br \/>\nKad\u0131nl\u0131k hormonlar\u0131nda dengeleyici i\u015flevi vard\u0131r. \u2026<br \/>\nK\u0131s\u0131rl\u0131\u011fa iyi geldi\u011fi bilinmektedir.<br \/>\nDo\u011fum a\u011fr\u0131lar\u0131n\u0131 hafifletir.<br \/>\nYin ve yang\u2019\u0131, yani di\u015fil ve eril enerjiyi temsil eder.<\/p>\n","protected":false},"excerpt":{"rendered":"<p>Men\u015fei: \u00c7in<\/p>\n<p>Uzunluk: 40 cm<\/p>\n<p>\u00d6l\u00e7\u00fc: 8 mm<\/p>\n","protected":false},"featured_media":4877,"comment_status":"open","ping_status":"closed","template":"","meta":{"site-sidebar-layout":"default","site-content-layout":"","ast-site-content-layout":"default","site-content-style":"default","site-sidebar-style":"default","ast-global-header-display":"","ast-banner-title-visibility":"","ast-main-header-display":"","ast-hfb-above-header-display":"","ast-hfb-below-header-display":"","ast-hfb-mobile-header-display":"","site-post-title":"","ast-breadcrumbs-content":"","ast-featured-img":"","footer-sml-layout":"","ast-disable-related-posts":"","theme-transparent-header-meta":"default","adv-header-id-meta":"","stick-header-meta":"","header-above-stick-meta":"","header-main-stick-meta":"","header-below-stick-meta":"","astra-migrate-meta-layouts":"set","ast-page-background-enabled":"default","ast-page-background-meta":{"desktop":{"background-color":"var(--ast-global-color-4)","background-image":"","background-repeat":"repeat","background-position":"center center","background-size":"auto","background-attachment":"scroll","background-type":"","background-media":"","overlay-type":"","overlay-color":"","overlay-opacity":"","overlay-gradient":""},"tablet":{"background-color":"","background-image":"","background-repeat":"repeat","background-position":"center center","background-size":"auto","background-attachment":"scroll","background-type":"","background-media":"","overlay-type":"","overlay-color":"","overlay-opacity":"","overlay-gradient":""},"mobile":{"background-color":"","background-image":"","background-repeat":"repeat","background-position":"center center","background-size":"auto","background-attachment":"scroll","background-type":"","background-media":"","overlay-type":"","overlay-color":"","overlay-opacity":"","overlay-gradient":""}},"ast-content-background-meta":{"desktop":{"background-color":"var(--ast-global-color-5)","background-image":"","background-repeat":"repeat","background-position":"center center","background-size":"auto","background-attachment":"scroll","background-type":"","background-media":"","overlay-type":"","overlay-color":"","overlay-opacity":"","overlay-gradient":""},"tablet":{"background-color":"var(--ast-global-color-5)","background-image":"","background-repeat":"repeat","background-position":"center center","background-size":"auto","background-attachment":"scroll","background-type":"","background-media":"","overlay-type":"","overlay-color":"","overlay-opacity":"","overlay-gradient":""},"mobile":{"background-color":"var(--ast-global-color-5)","background-image":"","background-repeat":"repeat","background-position":"center center","background-size":"auto","background-attachment":"scroll","background-type":"","background-media":"","overlay-type":"","overlay-color":"","overlay-opacity":"","overlay-gradient":""}}},"product_brand":[],"product_cat":[88,94],"product_tag":[345,726,382],"class_list":{"0":"post-4876","1":"product","2":"type-product","3":"status-publish","4":"has-post-thumbnail","6":"product_cat-dogal-tas-dizileri","7":"product_cat-tum-urunler","8":"product_tag-ay-tasi-tr","9":"product_tag-ay-tasi-faset","10":"product_tag-dogal-ay-tasi-tr","11":"desktop-align-center","12":"tablet-align-left","13":"mobile-align-left","15":"first","16":"instock","17":"sale","18":"taxable","19":"shipping-taxable","20":"purchasable","21":"product-type-simple"},"_links":{"self":[{"href":"https:\/\/www.seibusilverstone.com\/en\/wp-json\/wp\/v2\/product\/4876","targetHints":{"allow":["GET"]}}],"collection":[{"href":"https:\/\/www.seibusilverstone.com\/en\/wp-json\/wp\/v2\/product"}],"about":[{"href":"https:\/\/www.seibusilverstone.com\/en\/wp-json\/wp\/v2\/types\/product"}],"replies":[{"embeddable":true,"href":"https:\/\/www.seibusilverstone.com\/en\/wp-json\/wp\/v2\/comments?post=4876"}],"version-history":[{"count":1,"href":"https:\/\/www.seibusilverstone.com\/en\/wp-json\/wp\/v2\/product\/4876\/revisions"}],"predecessor-version":[{"id":4881,"href":"https:\/\/www.seibusilverstone.com\/en\/wp-json\/wp\/v2\/product\/4876\/revisions\/4881"}],"wp:featuredmedia":[{"embeddable":true,"href":"https:\/\/www.seibusilverstone.com\/en\/wp-json\/wp\/v2\/media\/4877"}],"wp:attachment":[{"href":"https:\/\/www.seibusilverstone.com\/en\/wp-json\/wp\/v2\/media?parent=4876"}],"wp:term":[{"taxonomy":"product_brand","embeddable":true,"href":"https:\/\/www.seibusilverstone.com\/en\/wp-json\/wp\/v2\/product_brand?post=4876"},{"taxonomy":"product_cat","embeddable":true,"href":"https:\/\/www.seibusilverstone.com\/en\/wp-json\/wp\/v2\/product_cat?post=4876"},{"taxonomy":"product_tag","embeddable":true,"href":"https:\/\/www.seibusilverstone.com\/en\/wp-json\/wp\/v2\/product_tag?post=4876"}],"curies":[{"name":"wp","href":"https:\/\/api.w.org\/{rel}","templated":true}]}}