{"id":5312,"date":"2025-09-09T11:24:40","date_gmt":"2025-09-09T11:24:40","guid":{"rendered":"https:\/\/www.seibusilverstone.com\/?post_type=product&#038;p=5312"},"modified":"2025-09-09T11:24:45","modified_gmt":"2025-09-09T11:24:45","slug":"sedef-faset-kesim","status":"publish","type":"product","link":"https:\/\/www.seibusilverstone.com\/en\/shop\/sedef-faset-kesim\/","title":{"rendered":"sedef (faset kesim)"},"content":{"rendered":"<p>Bildi\u011finiz gibi\u00a0<b>\u0130nci<\/b>\u00a0de istiridye i\u00e7erisinde yeti\u015fir ve o da organik bir ta\u015ft\u0131r. Bu sebeple Sedef ta\u015f\u0131n\u0131n bir di\u011fer ad\u0131 ise\u00a0<b>\u0130nci Annesi<\/b>\u00a0(Mother of Pearl)\u2019dir. \u0130ncinin yeti\u015fti\u011fi kabu\u011fun i\u00e7erisini kaplar ve bir nevi ona annelik yapar.<\/p>\n<p>Sedef deniz olan bir\u00e7ok \u00fclkede \u00e7\u0131kar\u0131lmaktad\u0131r. Bunun yan\u0131 s\u0131ra fosille\u015ferek ta\u015fa d\u00f6n\u00fc\u015ferek karada da bulunabilmektedir. Yani hem karada hem denizde bulunabilen nadir g\u00f6r\u00fclen bir ta\u015ft\u0131r. Amerika Birle\u015fik Devletleri\u2019nde bulunan sedef ta\u015flar\u0131 tatl\u0131 su midyelerinden elde edilir. Avrupa \u00fclkeleri ise deniz salyangozlar\u0131ndan elde edilen sedef ta\u015flar\u0131 kullan\u0131lmaktad\u0131r.<\/p>\n<p>Sedef ta\u015f\u0131 mohs sertlik skalas\u0131na g\u00f6re 3-4 sertli\u011findedir. Tak\u0131, tesbih ve s\u00fcs e\u015fyas\u0131 yap\u0131m\u0131nda kullan\u0131l\u0131r. \u00dclkemizde \u00e7ok\u00e7a tercih edilen\u00a0<a href=\"https:\/\/www.degerlitaslar.gen.tr\/\" target=\"_blank\" rel=\"noopener\">de\u011ferli ta\u015flar<\/a>\u00a0aras\u0131nda olan sedefin sand\u0131k, sehpa gibi s\u00fcs e\u015fyalar\u0131nda da kullan\u0131m\u0131 yayg\u0131nd\u0131r. \u00c7ok sert olmad\u0131\u011f\u0131 i\u00e7in narin bir ta\u015ft\u0131r. Ayr\u0131ca ince yap\u0131l\u0131, k\u0131r\u0131lgan bir ta\u015ft\u0131r.<\/p>\n","protected":false},"excerpt":{"rendered":"<p>Men\u015fei: \u00c7in<\/p>\n<p>Uzunluk: 40 cm<\/p>\n<p>\u00d6l\u00e7\u00fc: 2 mm<\/p>\n","protected":false},"featured_media":5313,"comment_status":"open","ping_status":"closed","template":"","meta":{"site-sidebar-layout":"default","site-content-layout":"","ast-site-content-layout":"default","site-content-style":"default","site-sidebar-style":"default","ast-global-header-display":"","ast-banner-title-visibility":"","ast-main-header-display":"","ast-hfb-above-header-display":"","ast-hfb-below-header-display":"","ast-hfb-mobile-header-display":"","site-post-title":"","ast-breadcrumbs-content":"","ast-featured-img":"","footer-sml-layout":"","ast-disable-related-posts":"","theme-transparent-header-meta":"default","adv-header-id-meta":"","stick-header-meta":"","header-above-stick-meta":"","header-main-stick-meta":"","header-below-stick-meta":"","astra-migrate-meta-layouts":"set","ast-page-background-enabled":"default","ast-page-background-meta":{"desktop":{"background-color":"var(--ast-global-color-4)","background-image":"","background-repeat":"repeat","background-position":"center center","background-size":"auto","background-attachment":"scroll","background-type":"","background-media":"","overlay-type":"","overlay-color":"","overlay-opacity":"","overlay-gradient":""},"tablet":{"background-color":"","background-image":"","background-repeat":"repeat","background-position":"center center","background-size":"auto","background-attachment":"scroll","background-type":"","background-media":"","overlay-type":"","overlay-color":"","overlay-opacity":"","overlay-gradient":""},"mobile":{"background-color":"","background-image":"","background-repeat":"repeat","background-position":"center center","background-size":"auto","background-attachment":"scroll","background-type":"","background-media":"","overlay-type":"","overlay-color":"","overlay-opacity":"","overlay-gradient":""}},"ast-content-background-meta":{"desktop":{"background-color":"var(--ast-global-color-5)","background-image":"","background-repeat":"repeat","background-position":"center center","background-size":"auto","background-attachment":"scroll","background-type":"","background-media":"","overlay-type":"","overlay-color":"","overlay-opacity":"","overlay-gradient":""},"tablet":{"background-color":"var(--ast-global-color-5)","background-image":"","background-repeat":"repeat","background-position":"center center","background-size":"auto","background-attachment":"scroll","background-type":"","background-media":"","overlay-type":"","overlay-color":"","overlay-opacity":"","overlay-gradient":""},"mobile":{"background-color":"var(--ast-global-color-5)","background-image":"","background-repeat":"repeat","background-position":"center center","background-size":"auto","background-attachment":"scroll","background-type":"","background-media":"","overlay-type":"","overlay-color":"","overlay-opacity":"","overlay-gradient":""}}},"product_brand":[],"product_cat":[88,94],"product_tag":[745,683,421],"class_list":{"0":"post-5312","1":"product","2":"type-product","3":"status-publish","4":"has-post-thumbnail","6":"product_cat-dogal-tas-dizileri","7":"product_cat-tum-urunler","8":"product_tag-fasetli-sedef","9":"product_tag-sedef","10":"product_tag-sedef-tasi-tr","11":"desktop-align-center","12":"tablet-align-left","13":"mobile-align-left","15":"first","16":"instock","17":"sale","18":"taxable","19":"shipping-taxable","20":"purchasable","21":"product-type-simple"},"_links":{"self":[{"href":"https:\/\/www.seibusilverstone.com\/en\/wp-json\/wp\/v2\/product\/5312","targetHints":{"allow":["GET"]}}],"collection":[{"href":"https:\/\/www.seibusilverstone.com\/en\/wp-json\/wp\/v2\/product"}],"about":[{"href":"https:\/\/www.seibusilverstone.com\/en\/wp-json\/wp\/v2\/types\/product"}],"replies":[{"embeddable":true,"href":"https:\/\/www.seibusilverstone.com\/en\/wp-json\/wp\/v2\/comments?post=5312"}],"version-history":[{"count":2,"href":"https:\/\/www.seibusilverstone.com\/en\/wp-json\/wp\/v2\/product\/5312\/revisions"}],"predecessor-version":[{"id":5318,"href":"https:\/\/www.seibusilverstone.com\/en\/wp-json\/wp\/v2\/product\/5312\/revisions\/5318"}],"wp:featuredmedia":[{"embeddable":true,"href":"https:\/\/www.seibusilverstone.com\/en\/wp-json\/wp\/v2\/media\/5313"}],"wp:attachment":[{"href":"https:\/\/www.seibusilverstone.com\/en\/wp-json\/wp\/v2\/media?parent=5312"}],"wp:term":[{"taxonomy":"product_brand","embeddable":true,"href":"https:\/\/www.seibusilverstone.com\/en\/wp-json\/wp\/v2\/product_brand?post=5312"},{"taxonomy":"product_cat","embeddable":true,"href":"https:\/\/www.seibusilverstone.com\/en\/wp-json\/wp\/v2\/product_cat?post=5312"},{"taxonomy":"product_tag","embeddable":true,"href":"https:\/\/www.seibusilverstone.com\/en\/wp-json\/wp\/v2\/product_tag?post=5312"}],"curies":[{"name":"wp","href":"https:\/\/api.w.org\/{rel}","templated":true}]}}