{"id":5788,"date":"2025-09-16T08:54:20","date_gmt":"2025-09-16T08:54:20","guid":{"rendered":"https:\/\/www.seibusilverstone.com\/?post_type=product&#038;p=5788"},"modified":"2025-09-16T08:54:30","modified_gmt":"2025-09-16T08:54:30","slug":"apatit-ham-tas","status":"publish","type":"product","link":"https:\/\/www.seibusilverstone.com\/en\/shop\/apatit-ham-tas\/","title":{"rendered":"apatit (ham ta\u015f)"},"content":{"rendered":"<p>Stresin giderilmesinde faydal\u0131d\u0131r.<\/p>\n<p>Mant\u0131k g\u00fcc\u00fcn\u00fc (zihnin i\u015flevini), bedenin dayan\u0131kl\u0131l\u0131\u011f\u0131n\u0131 ve verimlili\u011fini art\u0131r\u0131r.<\/p>\n<p>Kas yap\u0131s\u0131n\u0131 g\u00fc\u00e7lendirir.<\/p>\n<p>Y\u00fcksek tansiyonu d\u00fczenler ve normal seviyelere d\u00fc\u015f\u00fcr\u00fcr.<\/p>\n<p>A\u00e7l\u0131k hissini bast\u0131r\u0131r.<\/p>\n<p>Y\u00fcksek ate\u015fin d\u00fc\u015f\u00fcr\u00fclmesinde faydal\u0131d\u0131r.<\/p>\n<p>Apatit kemikleri iyile\u015ftirir ve yeni h\u00fccrelerin olu\u015fumunu uyar\u0131r.<\/p>\n<p>Kalsiyum emilimini destekler ve k\u0131k\u0131rdak, kemik ve di\u015flere yard\u0131mc\u0131 olur.<\/p>\n<p>A\u00e7\u0131k mavi Apatit\u2019in kekemeli\u011fi azaltt\u0131\u011f\u0131 s\u00f6yleniyor.<\/p>\n<p>Sar\u0131 Apatit toksinler a\u00e7\u0131s\u0131ndan ar\u0131nd\u0131r\u0131c\u0131d\u0131r.<\/p>\n<p>Kar\u0131n bo\u015flu\u011fundaki sinirleri uyar\u0131r<\/p>\n","protected":false},"excerpt":{"rendered":"<p>Men\u015fei: \u00c7in<\/p>\n<p>Uzunluk: 40 cm<\/p>\n","protected":false},"featured_media":5789,"comment_status":"open","ping_status":"closed","template":"","meta":{"site-sidebar-layout":"default","site-content-layout":"","ast-site-content-layout":"default","site-content-style":"default","site-sidebar-style":"default","ast-global-header-display":"","ast-banner-title-visibility":"","ast-main-header-display":"","ast-hfb-above-header-display":"","ast-hfb-below-header-display":"","ast-hfb-mobile-header-display":"","site-post-title":"","ast-breadcrumbs-content":"","ast-featured-img":"","footer-sml-layout":"","ast-disable-related-posts":"","theme-transparent-header-meta":"default","adv-header-id-meta":"","stick-header-meta":"","header-above-stick-meta":"","header-main-stick-meta":"","header-below-stick-meta":"","astra-migrate-meta-layouts":"set","ast-page-background-enabled":"default","ast-page-background-meta":{"desktop":{"background-color":"var(--ast-global-color-4)","background-image":"","background-repeat":"repeat","background-position":"center center","background-size":"auto","background-attachment":"scroll","background-type":"","background-media":"","overlay-type":"","overlay-color":"","overlay-opacity":"","overlay-gradient":""},"tablet":{"background-color":"","background-image":"","background-repeat":"repeat","background-position":"center center","background-size":"auto","background-attachment":"scroll","background-type":"","background-media":"","overlay-type":"","overlay-color":"","overlay-opacity":"","overlay-gradient":""},"mobile":{"background-color":"","background-image":"","background-repeat":"repeat","background-position":"center center","background-size":"auto","background-attachment":"scroll","background-type":"","background-media":"","overlay-type":"","overlay-color":"","overlay-opacity":"","overlay-gradient":""}},"ast-content-background-meta":{"desktop":{"background-color":"var(--ast-global-color-5)","background-image":"","background-repeat":"repeat","background-position":"center center","background-size":"auto","background-attachment":"scroll","background-type":"","background-media":"","overlay-type":"","overlay-color":"","overlay-opacity":"","overlay-gradient":""},"tablet":{"background-color":"var(--ast-global-color-5)","background-image":"","background-repeat":"repeat","background-position":"center center","background-size":"auto","background-attachment":"scroll","background-type":"","background-media":"","overlay-type":"","overlay-color":"","overlay-opacity":"","overlay-gradient":""},"mobile":{"background-color":"var(--ast-global-color-5)","background-image":"","background-repeat":"repeat","background-position":"center center","background-size":"auto","background-attachment":"scroll","background-type":"","background-media":"","overlay-type":"","overlay-color":"","overlay-opacity":"","overlay-gradient":""}}},"product_brand":[],"product_cat":[88,94],"product_tag":[444,768,769],"class_list":{"0":"post-5788","1":"product","2":"type-product","3":"status-publish","4":"has-post-thumbnail","6":"product_cat-dogal-tas-dizileri","7":"product_cat-tum-urunler","8":"product_tag-apatit-tr","9":"product_tag-ham-apatit","10":"product_tag-ham-tas","11":"desktop-align-center","12":"tablet-align-left","13":"mobile-align-left","15":"first","16":"instock","17":"sale","18":"taxable","19":"shipping-taxable","20":"purchasable","21":"product-type-simple"},"_links":{"self":[{"href":"https:\/\/www.seibusilverstone.com\/en\/wp-json\/wp\/v2\/product\/5788","targetHints":{"allow":["GET"]}}],"collection":[{"href":"https:\/\/www.seibusilverstone.com\/en\/wp-json\/wp\/v2\/product"}],"about":[{"href":"https:\/\/www.seibusilverstone.com\/en\/wp-json\/wp\/v2\/types\/product"}],"replies":[{"embeddable":true,"href":"https:\/\/www.seibusilverstone.com\/en\/wp-json\/wp\/v2\/comments?post=5788"}],"version-history":[{"count":1,"href":"https:\/\/www.seibusilverstone.com\/en\/wp-json\/wp\/v2\/product\/5788\/revisions"}],"predecessor-version":[{"id":5793,"href":"https:\/\/www.seibusilverstone.com\/en\/wp-json\/wp\/v2\/product\/5788\/revisions\/5793"}],"wp:featuredmedia":[{"embeddable":true,"href":"https:\/\/www.seibusilverstone.com\/en\/wp-json\/wp\/v2\/media\/5789"}],"wp:attachment":[{"href":"https:\/\/www.seibusilverstone.com\/en\/wp-json\/wp\/v2\/media?parent=5788"}],"wp:term":[{"taxonomy":"product_brand","embeddable":true,"href":"https:\/\/www.seibusilverstone.com\/en\/wp-json\/wp\/v2\/product_brand?post=5788"},{"taxonomy":"product_cat","embeddable":true,"href":"https:\/\/www.seibusilverstone.com\/en\/wp-json\/wp\/v2\/product_cat?post=5788"},{"taxonomy":"product_tag","embeddable":true,"href":"https:\/\/www.seibusilverstone.com\/en\/wp-json\/wp\/v2\/product_tag?post=5788"}],"curies":[{"name":"wp","href":"https:\/\/api.w.org\/{rel}","templated":true}]}}