{"id":6187,"date":"2025-09-18T08:48:25","date_gmt":"2025-09-18T08:48:25","guid":{"rendered":"https:\/\/www.seibusilverstone.com\/?post_type=product&#038;p=6187"},"modified":"2025-09-18T08:48:31","modified_gmt":"2025-09-18T08:48:31","slug":"dumanli-kuvars-mercimek-kesim","status":"publish","type":"product","link":"https:\/\/www.seibusilverstone.com\/en\/shop\/dumanli-kuvars-mercimek-kesim\/","title":{"rendered":"dumanl\u0131 kuvars (mercimek kesim)"},"content":{"rendered":"<div class=\"wDYxhc NFQFxe oHglmf xzPb7d viOShc\" lang=\"tr-TR\" data-md=\"32\" data-hveid=\"CBsQAA\" data-ved=\"2ahUKEwjInZqc9uGPAxULQ_EDHYHpF5oQ4dMGKAB6BAgbEAA\">\n<div id=\"media_result_group\" class=\"H8O85d kno-mrg-si kno-mrg kno-swp\" data-hveid=\"CBsQAQ\">\n<div class=\"iKjSFe aUc9Gd\">\n<div data-count=\"1\" data-hveid=\"CBgQAA\">\n<div>\n<div data-ivep=\"true\" data-vpload=\"\">\n<div class=\"RYdNQb cakeVe\" data-h=\"130\" data-nr=\"1\" data-ved=\"2ahUKEwjInZqc9uGPAxULQ_EDHYHpF5oQyQ0oAHoECBgQAg\">\n<div class=\"eA0Zlc WghbWd FnEtTd ivg-i PZPZlf img-kc-m GMCzAd\" data-attrid=\"image\" data-docid=\"vZKwRo1ajhYPmM\" data-ivep=\"true\" data-lpage=\"https:\/\/www.trendyol.com\/s\/dumanli-kuvars-tasi-faydalari-blog\" data-ref-docid=\"3-vQE7WX-XpCFM\" data-hveid=\"CBcQAA\" data-ved=\"2ahUKEwjInZqc9uGPAxULQ_EDHYHpF5oQzkx6BAgXEAA\">\n<div>\n<div class=\"XOEbc\" tabindex=\"0\" role=\"button\">\n<div>\n<div class=\"uhHOwf BYbUcd\" data-bla=\"\"><\/div>\n<\/div>\n<\/div>\n<div class=\"BfmEZb\"><\/div>\n<\/div>\n<\/div>\n<\/div>\n<\/div>\n<\/div>\n<\/div>\n<\/div>\n<\/div>\n<\/div>\n<div class=\"yp1CPe wDYxhc NFQFxe viOShc LKPcQc\" lang=\"tr-TR\" data-md=\"471\">\n<div class=\"V3FYCf\">\n<div class=\"wDYxhc\" lang=\"tr-TR\" data-md=\"61\">\n<div class=\"LGOjhe\" data-attrid=\"wa:\/description\" data-hveid=\"CB0QAA\"><span class=\"BxUVEf ILfuVd\" lang=\"tr\"><span class=\"hgKElc\">El ve ayak a\u011fr\u0131lar\u0131na, kramplara iyi gelir. G\u00fcnl\u00fck hayat\u0131n olu\u015fturdu\u011fu stresi hafifletir. Uyku d\u00fczeninin olu\u015fmas\u0131nda yard\u0131mc\u0131d\u0131r ve k\u00f6t\u00fc kabuslardan uyku esnas\u0131nda ki\u015fiyi korur. Ki\u015finin kendine olan g\u00fcveninin yerine gelmesini sa\u011flar ve g\u00fcven duygusu olu\u015fturulmas\u0131nda ihtiya\u00e7 duyulan enerjinin toplanmas\u0131nda etkilidir.<\/span><\/span><\/div>\n<\/div>\n<\/div>\n<\/div>\n","protected":false},"excerpt":{"rendered":"<p>Men\u015fei: \u00c7in<\/p>\n<p>Uzunluk: 40 cm<\/p>\n<p>\u00d6l\u00e7\u00fc: 4 mm<\/p>\n","protected":false},"featured_media":6188,"comment_status":"open","ping_status":"closed","template":"","meta":{"site-sidebar-layout":"default","site-content-layout":"","ast-site-content-layout":"default","site-content-style":"default","site-sidebar-style":"default","ast-global-header-display":"","ast-banner-title-visibility":"","ast-main-header-display":"","ast-hfb-above-header-display":"","ast-hfb-below-header-display":"","ast-hfb-mobile-header-display":"","site-post-title":"","ast-breadcrumbs-content":"","ast-featured-img":"","footer-sml-layout":"","ast-disable-related-posts":"","theme-transparent-header-meta":"default","adv-header-id-meta":"","stick-header-meta":"","header-above-stick-meta":"","header-main-stick-meta":"","header-below-stick-meta":"","astra-migrate-meta-layouts":"set","ast-page-background-enabled":"default","ast-page-background-meta":{"desktop":{"background-color":"var(--ast-global-color-4)","background-image":"","background-repeat":"repeat","background-position":"center center","background-size":"auto","background-attachment":"scroll","background-type":"","background-media":"","overlay-type":"","overlay-color":"","overlay-opacity":"","overlay-gradient":""},"tablet":{"background-color":"","background-image":"","background-repeat":"repeat","background-position":"center center","background-size":"auto","background-attachment":"scroll","background-type":"","background-media":"","overlay-type":"","overlay-color":"","overlay-opacity":"","overlay-gradient":""},"mobile":{"background-color":"","background-image":"","background-repeat":"repeat","background-position":"center center","background-size":"auto","background-attachment":"scroll","background-type":"","background-media":"","overlay-type":"","overlay-color":"","overlay-opacity":"","overlay-gradient":""}},"ast-content-background-meta":{"desktop":{"background-color":"var(--ast-global-color-5)","background-image":"","background-repeat":"repeat","background-position":"center center","background-size":"auto","background-attachment":"scroll","background-type":"","background-media":"","overlay-type":"","overlay-color":"","overlay-opacity":"","overlay-gradient":""},"tablet":{"background-color":"var(--ast-global-color-5)","background-image":"","background-repeat":"repeat","background-position":"center center","background-size":"auto","background-attachment":"scroll","background-type":"","background-media":"","overlay-type":"","overlay-color":"","overlay-opacity":"","overlay-gradient":""},"mobile":{"background-color":"var(--ast-global-color-5)","background-image":"","background-repeat":"repeat","background-position":"center center","background-size":"auto","background-attachment":"scroll","background-type":"","background-media":"","overlay-type":"","overlay-color":"","overlay-opacity":"","overlay-gradient":""}}},"product_brand":[],"product_cat":[88,94],"product_tag":[787,788],"class_list":{"0":"post-6187","1":"product","2":"type-product","3":"status-publish","4":"has-post-thumbnail","6":"product_cat-dogal-tas-dizileri","7":"product_cat-tum-urunler","8":"product_tag-dumanli-quartz","9":"product_tag-smoky-quartz","10":"desktop-align-center","11":"tablet-align-left","12":"mobile-align-left","14":"first","15":"instock","16":"sale","17":"taxable","18":"shipping-taxable","19":"purchasable","20":"product-type-simple"},"_links":{"self":[{"href":"https:\/\/www.seibusilverstone.com\/en\/wp-json\/wp\/v2\/product\/6187","targetHints":{"allow":["GET"]}}],"collection":[{"href":"https:\/\/www.seibusilverstone.com\/en\/wp-json\/wp\/v2\/product"}],"about":[{"href":"https:\/\/www.seibusilverstone.com\/en\/wp-json\/wp\/v2\/types\/product"}],"replies":[{"embeddable":true,"href":"https:\/\/www.seibusilverstone.com\/en\/wp-json\/wp\/v2\/comments?post=6187"}],"version-history":[{"count":2,"href":"https:\/\/www.seibusilverstone.com\/en\/wp-json\/wp\/v2\/product\/6187\/revisions"}],"predecessor-version":[{"id":6193,"href":"https:\/\/www.seibusilverstone.com\/en\/wp-json\/wp\/v2\/product\/6187\/revisions\/6193"}],"wp:featuredmedia":[{"embeddable":true,"href":"https:\/\/www.seibusilverstone.com\/en\/wp-json\/wp\/v2\/media\/6188"}],"wp:attachment":[{"href":"https:\/\/www.seibusilverstone.com\/en\/wp-json\/wp\/v2\/media?parent=6187"}],"wp:term":[{"taxonomy":"product_brand","embeddable":true,"href":"https:\/\/www.seibusilverstone.com\/en\/wp-json\/wp\/v2\/product_brand?post=6187"},{"taxonomy":"product_cat","embeddable":true,"href":"https:\/\/www.seibusilverstone.com\/en\/wp-json\/wp\/v2\/product_cat?post=6187"},{"taxonomy":"product_tag","embeddable":true,"href":"https:\/\/www.seibusilverstone.com\/en\/wp-json\/wp\/v2\/product_tag?post=6187"}],"curies":[{"name":"wp","href":"https:\/\/api.w.org\/{rel}","templated":true}]}}