{"id":6570,"date":"2025-09-29T09:05:13","date_gmt":"2025-09-29T09:05:13","guid":{"rendered":"https:\/\/www.seibusilverstone.com\/?post_type=product&#038;p=6570"},"modified":"2025-09-29T09:05:14","modified_gmt":"2025-09-29T09:05:14","slug":"hematit-lav-gorunumlu-6","status":"publish","type":"product","link":"https:\/\/www.seibusilverstone.com\/en\/shop\/hematit-lav-gorunumlu-6\/","title":{"rendered":"hematit (lav g\u00f6r\u00fcn\u00fcml\u00fc)"},"content":{"rendered":"<p><b>Hematit ta\u015f\u0131<\/b>, metalik parlakl\u0131\u011f\u0131 ve yo\u011fun siyah, gri tonlar\u0131yla tan\u0131nan, g\u00fc\u00e7l\u00fc topraklay\u0131c\u0131 \u00f6zelliklere sahip oldu\u011fu d\u00fc\u015f\u00fcn\u00fclen bir do\u011fal ta\u015ft\u0131r.\u00a0<b>Hematit ta\u015f\u0131<\/b>, \u00f6zellikle negatif enerjiyi emerek ki\u015fiyi duygusal ve zihinsel olarak dengeledi\u011fi kabul edilmektedir.<\/p>\n<p><b>Ko\u00e7 burcunun do\u011fal ta\u015f\u0131<\/b>\u00a0olan Hematit ta\u015f\u0131, tam olarak bu \u00f6zellikleri yans\u0131t\u0131r. Koyu renkli ama parlak, sade ama dikkat \u00e7ekici\u2026 Ko\u00e7 bur\u00e7lar\u0131 i\u00e7in en faydal\u0131 tak\u0131 se\u00e7imi kesinlikle Hematit ta\u015f\u0131ndan yap\u0131lm\u0131\u015f kolye ve bilekliklerdir.<\/p>\n<p><b>Hematit<\/b>\u00a0ta\u015f\u0131n\u0131n topraklama, koruma ve dengelenme enerjisi ta\u015f\u0131d\u0131\u011f\u0131na inan\u0131l\u0131r. Bu, \u00f6zellikle stresli ve zor d\u00f6nemlerde ki\u015filere yard\u0131mc\u0131 olabilir. Spirit\u00fcel \u00e7al\u0131\u015fmalarda, hem fiziksel hem de ruhsal detoks etkisi i\u00e7in tercih edilir.<\/p>\n","protected":false},"excerpt":{"rendered":"<p>Men\u015fei: \u00c7in<\/p>\n<p>Uzunluk: 40 cm<\/p>\n<p>&nbsp;<\/p>\n","protected":false},"featured_media":6571,"comment_status":"open","ping_status":"closed","template":"","meta":{"site-sidebar-layout":"default","site-content-layout":"","ast-site-content-layout":"default","site-content-style":"default","site-sidebar-style":"default","ast-global-header-display":"","ast-banner-title-visibility":"","ast-main-header-display":"","ast-hfb-above-header-display":"","ast-hfb-below-header-display":"","ast-hfb-mobile-header-display":"","site-post-title":"","ast-breadcrumbs-content":"","ast-featured-img":"","footer-sml-layout":"","ast-disable-related-posts":"","theme-transparent-header-meta":"default","adv-header-id-meta":"","stick-header-meta":"","header-above-stick-meta":"","header-main-stick-meta":"","header-below-stick-meta":"","astra-migrate-meta-layouts":"set","ast-page-background-enabled":"default","ast-page-background-meta":{"desktop":{"background-color":"var(--ast-global-color-4)","background-image":"","background-repeat":"repeat","background-position":"center center","background-size":"auto","background-attachment":"scroll","background-type":"","background-media":"","overlay-type":"","overlay-color":"","overlay-opacity":"","overlay-gradient":""},"tablet":{"background-color":"","background-image":"","background-repeat":"repeat","background-position":"center center","background-size":"auto","background-attachment":"scroll","background-type":"","background-media":"","overlay-type":"","overlay-color":"","overlay-opacity":"","overlay-gradient":""},"mobile":{"background-color":"","background-image":"","background-repeat":"repeat","background-position":"center center","background-size":"auto","background-attachment":"scroll","background-type":"","background-media":"","overlay-type":"","overlay-color":"","overlay-opacity":"","overlay-gradient":""}},"ast-content-background-meta":{"desktop":{"background-color":"var(--ast-global-color-5)","background-image":"","background-repeat":"repeat","background-position":"center center","background-size":"auto","background-attachment":"scroll","background-type":"","background-media":"","overlay-type":"","overlay-color":"","overlay-opacity":"","overlay-gradient":""},"tablet":{"background-color":"var(--ast-global-color-5)","background-image":"","background-repeat":"repeat","background-position":"center center","background-size":"auto","background-attachment":"scroll","background-type":"","background-media":"","overlay-type":"","overlay-color":"","overlay-opacity":"","overlay-gradient":""},"mobile":{"background-color":"var(--ast-global-color-5)","background-image":"","background-repeat":"repeat","background-position":"center center","background-size":"auto","background-attachment":"scroll","background-type":"","background-media":"","overlay-type":"","overlay-color":"","overlay-opacity":"","overlay-gradient":""}}},"product_brand":[],"product_cat":[88,94],"product_tag":[109,796],"class_list":{"0":"post-6570","1":"product","2":"type-product","3":"status-publish","4":"has-post-thumbnail","6":"product_cat-dogal-tas-dizileri","7":"product_cat-tum-urunler","8":"product_tag-hematit","9":"product_tag-hematit-lav-gorunumlu","10":"desktop-align-center","11":"tablet-align-left","12":"mobile-align-left","14":"first","15":"instock","16":"sale","17":"taxable","18":"shipping-taxable","19":"purchasable","20":"product-type-simple"},"_links":{"self":[{"href":"https:\/\/www.seibusilverstone.com\/en\/wp-json\/wp\/v2\/product\/6570","targetHints":{"allow":["GET"]}}],"collection":[{"href":"https:\/\/www.seibusilverstone.com\/en\/wp-json\/wp\/v2\/product"}],"about":[{"href":"https:\/\/www.seibusilverstone.com\/en\/wp-json\/wp\/v2\/types\/product"}],"replies":[{"embeddable":true,"href":"https:\/\/www.seibusilverstone.com\/en\/wp-json\/wp\/v2\/comments?post=6570"}],"version-history":[{"count":3,"href":"https:\/\/www.seibusilverstone.com\/en\/wp-json\/wp\/v2\/product\/6570\/revisions"}],"predecessor-version":[{"id":6577,"href":"https:\/\/www.seibusilverstone.com\/en\/wp-json\/wp\/v2\/product\/6570\/revisions\/6577"}],"wp:featuredmedia":[{"embeddable":true,"href":"https:\/\/www.seibusilverstone.com\/en\/wp-json\/wp\/v2\/media\/6571"}],"wp:attachment":[{"href":"https:\/\/www.seibusilverstone.com\/en\/wp-json\/wp\/v2\/media?parent=6570"}],"wp:term":[{"taxonomy":"product_brand","embeddable":true,"href":"https:\/\/www.seibusilverstone.com\/en\/wp-json\/wp\/v2\/product_brand?post=6570"},{"taxonomy":"product_cat","embeddable":true,"href":"https:\/\/www.seibusilverstone.com\/en\/wp-json\/wp\/v2\/product_cat?post=6570"},{"taxonomy":"product_tag","embeddable":true,"href":"https:\/\/www.seibusilverstone.com\/en\/wp-json\/wp\/v2\/product_tag?post=6570"}],"curies":[{"name":"wp","href":"https:\/\/api.w.org\/{rel}","templated":true}]}}