{"id":6719,"date":"2025-09-29T13:55:13","date_gmt":"2025-09-29T13:55:13","guid":{"rendered":"https:\/\/www.seibusilverstone.com\/?post_type=product&#038;p=6719"},"modified":"2026-02-04T14:43:19","modified_gmt":"2026-02-04T14:43:19","slug":"gunes-tasi-timbil-kesim","status":"publish","type":"product","link":"https:\/\/www.seibusilverstone.com\/en\/shop\/gunes-tasi-timbil-kesim\/","title":{"rendered":"g\u00fcne\u015f ta\u015f\u0131 (t\u0131mb\u0131l kesim)"},"content":{"rendered":"<p><b>\u00d6zg\u00fcven ve \u00d6zsayg\u0131 ta\u015f\u0131d\u0131r<\/b>. Enerji \u00e7al\u0131\u015fmalar\u0131 ve \u015fifa uygulamalar\u0131nda da kullan\u0131ld\u0131\u011f\u0131 bilinir. Liderlik ta\u015f\u0131 oldu\u011fu, takan ki\u015fiyi a\u00e7\u0131k, yard\u0131msever olmaya te\u015fvik etti\u011fi s\u00f6ylenir. Ne\u015fe ta\u015f\u0131 olarak da bilinen g\u00fcne\u015f ta\u015f\u0131n\u0131n iyi bir do\u011faya ve ya\u015famdan zevk almaya ilham verdi\u011fine inan\u0131l\u0131r.<\/p>\n","protected":false},"excerpt":{"rendered":"<p>Men\u015fei: \u00c7in<\/p>\n<p>Uzunluk: 40 cm<\/p>\n","protected":false},"featured_media":6722,"comment_status":"open","ping_status":"closed","template":"","meta":{"site-sidebar-layout":"default","site-content-layout":"","ast-site-content-layout":"default","site-content-style":"default","site-sidebar-style":"default","ast-global-header-display":"","ast-banner-title-visibility":"","ast-main-header-display":"","ast-hfb-above-header-display":"","ast-hfb-below-header-display":"","ast-hfb-mobile-header-display":"","site-post-title":"","ast-breadcrumbs-content":"","ast-featured-img":"","footer-sml-layout":"","ast-disable-related-posts":"","theme-transparent-header-meta":"default","adv-header-id-meta":"","stick-header-meta":"","header-above-stick-meta":"","header-main-stick-meta":"","header-below-stick-meta":"","astra-migrate-meta-layouts":"set","ast-page-background-enabled":"default","ast-page-background-meta":{"desktop":{"background-color":"var(--ast-global-color-4)","background-image":"","background-repeat":"repeat","background-position":"center center","background-size":"auto","background-attachment":"scroll","background-type":"","background-media":"","overlay-type":"","overlay-color":"","overlay-opacity":"","overlay-gradient":""},"tablet":{"background-color":"","background-image":"","background-repeat":"repeat","background-position":"center center","background-size":"auto","background-attachment":"scroll","background-type":"","background-media":"","overlay-type":"","overlay-color":"","overlay-opacity":"","overlay-gradient":""},"mobile":{"background-color":"","background-image":"","background-repeat":"repeat","background-position":"center center","background-size":"auto","background-attachment":"scroll","background-type":"","background-media":"","overlay-type":"","overlay-color":"","overlay-opacity":"","overlay-gradient":""}},"ast-content-background-meta":{"desktop":{"background-color":"var(--ast-global-color-5)","background-image":"","background-repeat":"repeat","background-position":"center center","background-size":"auto","background-attachment":"scroll","background-type":"","background-media":"","overlay-type":"","overlay-color":"","overlay-opacity":"","overlay-gradient":""},"tablet":{"background-color":"var(--ast-global-color-5)","background-image":"","background-repeat":"repeat","background-position":"center center","background-size":"auto","background-attachment":"scroll","background-type":"","background-media":"","overlay-type":"","overlay-color":"","overlay-opacity":"","overlay-gradient":""},"mobile":{"background-color":"var(--ast-global-color-5)","background-image":"","background-repeat":"repeat","background-position":"center center","background-size":"auto","background-attachment":"scroll","background-type":"","background-media":"","overlay-type":"","overlay-color":"","overlay-opacity":"","overlay-gradient":""}}},"product_brand":[],"product_cat":[88,94],"product_tag":[316],"class_list":{"0":"post-6719","1":"product","2":"type-product","3":"status-publish","4":"has-post-thumbnail","6":"product_cat-dogal-tas-dizileri","7":"product_cat-tum-urunler","8":"product_tag-gunes-tasi-tr-2","9":"desktop-align-center","10":"tablet-align-left","11":"mobile-align-left","13":"first","14":"instock","15":"sale","16":"taxable","17":"shipping-taxable","18":"purchasable","19":"product-type-simple"},"_links":{"self":[{"href":"https:\/\/www.seibusilverstone.com\/en\/wp-json\/wp\/v2\/product\/6719","targetHints":{"allow":["GET"]}}],"collection":[{"href":"https:\/\/www.seibusilverstone.com\/en\/wp-json\/wp\/v2\/product"}],"about":[{"href":"https:\/\/www.seibusilverstone.com\/en\/wp-json\/wp\/v2\/types\/product"}],"replies":[{"embeddable":true,"href":"https:\/\/www.seibusilverstone.com\/en\/wp-json\/wp\/v2\/comments?post=6719"}],"version-history":[{"count":2,"href":"https:\/\/www.seibusilverstone.com\/en\/wp-json\/wp\/v2\/product\/6719\/revisions"}],"predecessor-version":[{"id":6727,"href":"https:\/\/www.seibusilverstone.com\/en\/wp-json\/wp\/v2\/product\/6719\/revisions\/6727"}],"wp:featuredmedia":[{"embeddable":true,"href":"https:\/\/www.seibusilverstone.com\/en\/wp-json\/wp\/v2\/media\/6722"}],"wp:attachment":[{"href":"https:\/\/www.seibusilverstone.com\/en\/wp-json\/wp\/v2\/media?parent=6719"}],"wp:term":[{"taxonomy":"product_brand","embeddable":true,"href":"https:\/\/www.seibusilverstone.com\/en\/wp-json\/wp\/v2\/product_brand?post=6719"},{"taxonomy":"product_cat","embeddable":true,"href":"https:\/\/www.seibusilverstone.com\/en\/wp-json\/wp\/v2\/product_cat?post=6719"},{"taxonomy":"product_tag","embeddable":true,"href":"https:\/\/www.seibusilverstone.com\/en\/wp-json\/wp\/v2\/product_tag?post=6719"}],"curies":[{"name":"wp","href":"https:\/\/api.w.org\/{rel}","templated":true}]}}