{"id":7528,"date":"2025-10-09T07:14:07","date_gmt":"2025-10-09T07:14:07","guid":{"rendered":"https:\/\/www.seibusilverstone.com\/?post_type=product&#038;p=7528"},"modified":"2025-10-09T08:05:50","modified_gmt":"2025-10-09T08:05:50","slug":"gunes-tasi-6","status":"publish","type":"product","link":"https:\/\/www.seibusilverstone.com\/en\/shop\/gunes-tasi-6\/","title":{"rendered":"G\u00dcNE\u015e TA\u015eI (amorf)"},"content":{"rendered":"<p>G\u00fcne\u015f ta\u015f\u0131n\u0131n, Mide \u00c7akras\u0131 (Solar Pleksus) ve Alt Kar\u0131n \u00c7akras\u0131 (Sakral) ile uyumlu oldu\u011fu d\u00fc\u015f\u00fcn\u00fclmektedir. Mide \u00c7akras\u0131 ile \u00e7al\u0131\u015ft\u0131\u011f\u0131nda, bu ta\u015f\u0131n\u00a0<b>ki\u015fisel g\u00fc\u00e7, \u00f6zg\u00fcven ve motivasyonu art\u0131rd\u0131\u011f\u0131na inan\u0131l\u0131r<\/b>. G\u00fcne\u015f ta\u015f\u0131n\u0131n, bireyin i\u00e7sel g\u00fcc\u00fcn\u00fc harekete ge\u00e7irdi\u011fi ve duygusal dengeyi destekledi\u011fi kabul edilmektedir.<\/p>\n","protected":false},"excerpt":{"rendered":"<p>Men\u015fei: \u00c7in<\/p>\n<p>Uzunluk: 40 cm<\/p>\n","protected":false},"featured_media":7529,"comment_status":"open","ping_status":"closed","template":"","meta":{"site-sidebar-layout":"default","site-content-layout":"","ast-site-content-layout":"default","site-content-style":"default","site-sidebar-style":"default","ast-global-header-display":"","ast-banner-title-visibility":"","ast-main-header-display":"","ast-hfb-above-header-display":"","ast-hfb-below-header-display":"","ast-hfb-mobile-header-display":"","site-post-title":"","ast-breadcrumbs-content":"","ast-featured-img":"","footer-sml-layout":"","ast-disable-related-posts":"","theme-transparent-header-meta":"default","adv-header-id-meta":"","stick-header-meta":"","header-above-stick-meta":"","header-main-stick-meta":"","header-below-stick-meta":"","astra-migrate-meta-layouts":"set","ast-page-background-enabled":"default","ast-page-background-meta":{"desktop":{"background-color":"var(--ast-global-color-4)","background-image":"","background-repeat":"repeat","background-position":"center center","background-size":"auto","background-attachment":"scroll","background-type":"","background-media":"","overlay-type":"","overlay-color":"","overlay-opacity":"","overlay-gradient":""},"tablet":{"background-color":"","background-image":"","background-repeat":"repeat","background-position":"center center","background-size":"auto","background-attachment":"scroll","background-type":"","background-media":"","overlay-type":"","overlay-color":"","overlay-opacity":"","overlay-gradient":""},"mobile":{"background-color":"","background-image":"","background-repeat":"repeat","background-position":"center center","background-size":"auto","background-attachment":"scroll","background-type":"","background-media":"","overlay-type":"","overlay-color":"","overlay-opacity":"","overlay-gradient":""}},"ast-content-background-meta":{"desktop":{"background-color":"var(--ast-global-color-5)","background-image":"","background-repeat":"repeat","background-position":"center center","background-size":"auto","background-attachment":"scroll","background-type":"","background-media":"","overlay-type":"","overlay-color":"","overlay-opacity":"","overlay-gradient":""},"tablet":{"background-color":"var(--ast-global-color-5)","background-image":"","background-repeat":"repeat","background-position":"center center","background-size":"auto","background-attachment":"scroll","background-type":"","background-media":"","overlay-type":"","overlay-color":"","overlay-opacity":"","overlay-gradient":""},"mobile":{"background-color":"var(--ast-global-color-5)","background-image":"","background-repeat":"repeat","background-position":"center center","background-size":"auto","background-attachment":"scroll","background-type":"","background-media":"","overlay-type":"","overlay-color":"","overlay-opacity":"","overlay-gradient":""}}},"product_brand":[],"product_cat":[88,94],"product_tag":[834,316,786],"class_list":{"0":"post-7528","1":"product","2":"type-product","3":"status-publish","4":"has-post-thumbnail","6":"product_cat-dogal-tas-dizileri","7":"product_cat-tum-urunler","8":"product_tag-amorf-tas","9":"product_tag-gunes-tasi-tr-2","10":"product_tag-sun-stone-2","11":"desktop-align-center","12":"tablet-align-left","13":"mobile-align-left","15":"first","16":"instock","17":"sale","18":"taxable","19":"shipping-taxable","20":"purchasable","21":"product-type-simple"},"_links":{"self":[{"href":"https:\/\/www.seibusilverstone.com\/en\/wp-json\/wp\/v2\/product\/7528","targetHints":{"allow":["GET"]}}],"collection":[{"href":"https:\/\/www.seibusilverstone.com\/en\/wp-json\/wp\/v2\/product"}],"about":[{"href":"https:\/\/www.seibusilverstone.com\/en\/wp-json\/wp\/v2\/types\/product"}],"replies":[{"embeddable":true,"href":"https:\/\/www.seibusilverstone.com\/en\/wp-json\/wp\/v2\/comments?post=7528"}],"version-history":[{"count":2,"href":"https:\/\/www.seibusilverstone.com\/en\/wp-json\/wp\/v2\/product\/7528\/revisions"}],"predecessor-version":[{"id":7555,"href":"https:\/\/www.seibusilverstone.com\/en\/wp-json\/wp\/v2\/product\/7528\/revisions\/7555"}],"wp:featuredmedia":[{"embeddable":true,"href":"https:\/\/www.seibusilverstone.com\/en\/wp-json\/wp\/v2\/media\/7529"}],"wp:attachment":[{"href":"https:\/\/www.seibusilverstone.com\/en\/wp-json\/wp\/v2\/media?parent=7528"}],"wp:term":[{"taxonomy":"product_brand","embeddable":true,"href":"https:\/\/www.seibusilverstone.com\/en\/wp-json\/wp\/v2\/product_brand?post=7528"},{"taxonomy":"product_cat","embeddable":true,"href":"https:\/\/www.seibusilverstone.com\/en\/wp-json\/wp\/v2\/product_cat?post=7528"},{"taxonomy":"product_tag","embeddable":true,"href":"https:\/\/www.seibusilverstone.com\/en\/wp-json\/wp\/v2\/product_tag?post=7528"}],"curies":[{"name":"wp","href":"https:\/\/api.w.org\/{rel}","templated":true}]}}