{"id":7931,"date":"2025-10-17T06:53:14","date_gmt":"2025-10-17T06:53:14","guid":{"rendered":"https:\/\/www.seibusilverstone.com\/?post_type=product&#038;p=7931"},"modified":"2025-10-17T06:53:15","modified_gmt":"2025-10-17T06:53:15","slug":"hematit-cift-delikli-2","status":"publish","type":"product","link":"https:\/\/www.seibusilverstone.com\/en\/shop\/hematit-cift-delikli-2\/","title":{"rendered":"hematit (\u00e7ift delikli)"},"content":{"rendered":"<div class=\"wDYxhc NFQFxe oHglmf xzPb7d viOShc\" lang=\"tr-TR\" data-md=\"32\" data-hveid=\"CB0QAA\" data-ved=\"2ahUKEwi368CK0qqQAxX4Q_EDHWN9NBoQ4dMGKAB6BAgdEAA\">\n<div id=\"media_result_group\" class=\"H8O85d kno-mrg-si kno-mrg kno-swp\" data-hveid=\"CB0QAQ\">\n<div class=\"iKjSFe aUc9Gd\">\n<div data-count=\"1\" data-hveid=\"CBsQAA\">\n<div>\n<div data-ivep=\"true\" data-vpload=\"\">\n<div class=\"RYdNQb cakeVe\" data-h=\"130\" data-nr=\"1\" data-ved=\"2ahUKEwi368CK0qqQAxX4Q_EDHWN9NBoQyQ0oAHoECBsQAg\">\n<div class=\"eA0Zlc WghbWd FnEtTd ivg-i PZPZlf img-kc-m GMCzAd\" data-attrid=\"image\" data-docid=\"DsYqLqE2atDuDM\" data-ivep=\"true\" data-lpage=\"https:\/\/www.sochic.com\/blog\/hematit-tasi-nedir-ve-ozellikleri-nelerdir\" data-ref-docid=\"dfN2OaTWlC8yMM\" data-hveid=\"CBkQAA\" data-ved=\"2ahUKEwi368CK0qqQAxX4Q_EDHWN9NBoQzkx6BAgZEAA\">\n<div>\n<div class=\"XOEbc\" tabindex=\"0\" role=\"button\">\n<div>\n<div class=\"uhHOwf BYbUcd\" data-bla=\"\"><\/div>\n<\/div>\n<\/div>\n<div class=\"BfmEZb\"><\/div>\n<\/div>\n<\/div>\n<\/div>\n<\/div>\n<\/div>\n<\/div>\n<\/div>\n<\/div>\n<\/div>\n<div class=\"yp1CPe wDYxhc NFQFxe viOShc LKPcQc\" lang=\"tr-TR\" data-md=\"471\">\n<div class=\"V3FYCf\">\n<div class=\"wDYxhc\" lang=\"tr-TR\" data-md=\"61\">\n<div class=\"LGOjhe\" data-attrid=\"wa:\/description\" data-hveid=\"CCEQAA\"><span class=\"BxUVEf ILfuVd\" lang=\"tr\"><span class=\"hgKElc\">Mineralin sertli\u011fi, dayan\u0131kl\u0131l\u0131\u011f\u0131n\u0131 art\u0131rarak bir\u00e7ok farkl\u0131 uygulama i\u00e7in ideal bir se\u00e7im haline getirir. M\u00fccevher tasar\u0131m\u0131nda,\u00a0<b>hematit<\/b>\u00a0\u00f6zellikle tak\u0131 \u00fcretiminde tercih edilen bir ta\u015ft\u0131r. Do\u011fal par\u0131lt\u0131s\u0131 ve estetik g\u00f6r\u00fcn\u00fcm\u00fc nedeniyle y\u00fcz\u00fckler, kolyeler, k\u00fcpeler ve bilezikler gibi bir\u00e7ok tak\u0131 \u00fcr\u00fcn\u00fcnde kullan\u0131l\u0131r.<\/span><\/span><\/div>\n<\/div>\n<\/div>\n<\/div>\n","protected":false},"excerpt":{"rendered":"<p>Men\u015fei: \u00c7in<\/p>\n<p>Uzunluk: 40 cm<\/p>\n","protected":false},"featured_media":7934,"comment_status":"open","ping_status":"closed","template":"","meta":{"site-sidebar-layout":"default","site-content-layout":"","ast-site-content-layout":"default","site-content-style":"default","site-sidebar-style":"default","ast-global-header-display":"","ast-banner-title-visibility":"","ast-main-header-display":"","ast-hfb-above-header-display":"","ast-hfb-below-header-display":"","ast-hfb-mobile-header-display":"","site-post-title":"","ast-breadcrumbs-content":"","ast-featured-img":"","footer-sml-layout":"","ast-disable-related-posts":"","theme-transparent-header-meta":"default","adv-header-id-meta":"","stick-header-meta":"","header-above-stick-meta":"","header-main-stick-meta":"","header-below-stick-meta":"","astra-migrate-meta-layouts":"set","ast-page-background-enabled":"default","ast-page-background-meta":{"desktop":{"background-color":"var(--ast-global-color-4)","background-image":"","background-repeat":"repeat","background-position":"center center","background-size":"auto","background-attachment":"scroll","background-type":"","background-media":"","overlay-type":"","overlay-color":"","overlay-opacity":"","overlay-gradient":""},"tablet":{"background-color":"","background-image":"","background-repeat":"repeat","background-position":"center center","background-size":"auto","background-attachment":"scroll","background-type":"","background-media":"","overlay-type":"","overlay-color":"","overlay-opacity":"","overlay-gradient":""},"mobile":{"background-color":"","background-image":"","background-repeat":"repeat","background-position":"center center","background-size":"auto","background-attachment":"scroll","background-type":"","background-media":"","overlay-type":"","overlay-color":"","overlay-opacity":"","overlay-gradient":""}},"ast-content-background-meta":{"desktop":{"background-color":"var(--ast-global-color-5)","background-image":"","background-repeat":"repeat","background-position":"center center","background-size":"auto","background-attachment":"scroll","background-type":"","background-media":"","overlay-type":"","overlay-color":"","overlay-opacity":"","overlay-gradient":""},"tablet":{"background-color":"var(--ast-global-color-5)","background-image":"","background-repeat":"repeat","background-position":"center center","background-size":"auto","background-attachment":"scroll","background-type":"","background-media":"","overlay-type":"","overlay-color":"","overlay-opacity":"","overlay-gradient":""},"mobile":{"background-color":"var(--ast-global-color-5)","background-image":"","background-repeat":"repeat","background-position":"center center","background-size":"auto","background-attachment":"scroll","background-type":"","background-media":"","overlay-type":"","overlay-color":"","overlay-opacity":"","overlay-gradient":""}}},"product_brand":[],"product_cat":[88,94],"product_tag":[109],"class_list":{"0":"post-7931","1":"product","2":"type-product","3":"status-publish","4":"has-post-thumbnail","6":"product_cat-dogal-tas-dizileri","7":"product_cat-tum-urunler","8":"product_tag-hematit","9":"desktop-align-center","10":"tablet-align-left","11":"mobile-align-left","13":"first","14":"instock","15":"sale","16":"taxable","17":"shipping-taxable","18":"purchasable","19":"product-type-simple"},"_links":{"self":[{"href":"https:\/\/www.seibusilverstone.com\/en\/wp-json\/wp\/v2\/product\/7931","targetHints":{"allow":["GET"]}}],"collection":[{"href":"https:\/\/www.seibusilverstone.com\/en\/wp-json\/wp\/v2\/product"}],"about":[{"href":"https:\/\/www.seibusilverstone.com\/en\/wp-json\/wp\/v2\/types\/product"}],"replies":[{"embeddable":true,"href":"https:\/\/www.seibusilverstone.com\/en\/wp-json\/wp\/v2\/comments?post=7931"}],"version-history":[{"count":2,"href":"https:\/\/www.seibusilverstone.com\/en\/wp-json\/wp\/v2\/product\/7931\/revisions"}],"predecessor-version":[{"id":7988,"href":"https:\/\/www.seibusilverstone.com\/en\/wp-json\/wp\/v2\/product\/7931\/revisions\/7988"}],"wp:featuredmedia":[{"embeddable":true,"href":"https:\/\/www.seibusilverstone.com\/en\/wp-json\/wp\/v2\/media\/7934"}],"wp:attachment":[{"href":"https:\/\/www.seibusilverstone.com\/en\/wp-json\/wp\/v2\/media?parent=7931"}],"wp:term":[{"taxonomy":"product_brand","embeddable":true,"href":"https:\/\/www.seibusilverstone.com\/en\/wp-json\/wp\/v2\/product_brand?post=7931"},{"taxonomy":"product_cat","embeddable":true,"href":"https:\/\/www.seibusilverstone.com\/en\/wp-json\/wp\/v2\/product_cat?post=7931"},{"taxonomy":"product_tag","embeddable":true,"href":"https:\/\/www.seibusilverstone.com\/en\/wp-json\/wp\/v2\/product_tag?post=7931"}],"curies":[{"name":"wp","href":"https:\/\/api.w.org\/{rel}","templated":true}]}}