{"id":8049,"date":"2025-12-11T11:01:17","date_gmt":"2025-12-11T11:01:17","guid":{"rendered":"https:\/\/www.seibusilverstone.com\/?post_type=product&#038;p=8049"},"modified":"2025-12-19T07:29:47","modified_gmt":"2025-12-19T07:29:47","slug":"sari-opal-orijinal","status":"publish","type":"product","link":"https:\/\/www.seibusilverstone.com\/en\/shop\/sari-opal-orijinal\/","title":{"rendered":"SARI OPAL (OR\u0130J\u0130NAL)"},"content":{"rendered":"<ul class=\"i8Z77e\">\n<li class=\"TrT0Xe\">Y\u00fcksek ate\u015fi d\u00fc\u015f\u00fcr\u00fcr.<\/li>\n<li class=\"TrT0Xe\"><b>Sar\u0131 opal ta\u015f\u0131<\/b>\u00a0\u015feker hastal\u0131\u011f\u0131n\u0131n tedavisine yard\u0131mc\u0131 olur. &#8230;<\/li>\n<li class=\"TrT0Xe\">Parkinson hastal\u0131\u011f\u0131n\u0131n tedavisine yard\u0131m eder.<\/li>\n<li class=\"TrT0Xe\">Eklem iltihaplar\u0131n\u0131 iyile\u015ftirir.<\/li>\n<li class=\"TrT0Xe\">Kan hastal\u0131klar\u0131 i\u00e7in yararl\u0131d\u0131r. &#8230;<\/li>\n<li class=\"TrT0Xe\"><b>Sar\u0131 opal ta\u015f\u0131<\/b>\u00a0haf\u0131za g\u00fcc\u00fcn\u00fc art\u0131r\u0131r.<\/li>\n<li class=\"TrT0Xe\">K\u00e2buslardan korur, ho\u015f r\u00fcyalar g\u00f6rmeyi sa\u011flar.<\/li>\n<\/ul>\n","protected":false},"excerpt":{"rendered":"<p>Men\u015fei: Hindistan<\/p>\n","protected":false},"featured_media":8061,"comment_status":"open","ping_status":"closed","template":"","meta":{"site-sidebar-layout":"default","site-content-layout":"","ast-site-content-layout":"default","site-content-style":"default","site-sidebar-style":"default","ast-global-header-display":"","ast-banner-title-visibility":"","ast-main-header-display":"","ast-hfb-above-header-display":"","ast-hfb-below-header-display":"","ast-hfb-mobile-header-display":"","site-post-title":"","ast-breadcrumbs-content":"","ast-featured-img":"","footer-sml-layout":"","ast-disable-related-posts":"","theme-transparent-header-meta":"default","adv-header-id-meta":"","stick-header-meta":"","header-above-stick-meta":"","header-main-stick-meta":"","header-below-stick-meta":"","astra-migrate-meta-layouts":"set","ast-page-background-enabled":"default","ast-page-background-meta":{"desktop":{"background-color":"var(--ast-global-color-4)","background-image":"","background-repeat":"repeat","background-position":"center center","background-size":"auto","background-attachment":"scroll","background-type":"","background-media":"","overlay-type":"","overlay-color":"","overlay-opacity":"","overlay-gradient":""},"tablet":{"background-color":"","background-image":"","background-repeat":"repeat","background-position":"center center","background-size":"auto","background-attachment":"scroll","background-type":"","background-media":"","overlay-type":"","overlay-color":"","overlay-opacity":"","overlay-gradient":""},"mobile":{"background-color":"","background-image":"","background-repeat":"repeat","background-position":"center center","background-size":"auto","background-attachment":"scroll","background-type":"","background-media":"","overlay-type":"","overlay-color":"","overlay-opacity":"","overlay-gradient":""}},"ast-content-background-meta":{"desktop":{"background-color":"var(--ast-global-color-5)","background-image":"","background-repeat":"repeat","background-position":"center center","background-size":"auto","background-attachment":"scroll","background-type":"","background-media":"","overlay-type":"","overlay-color":"","overlay-opacity":"","overlay-gradient":""},"tablet":{"background-color":"var(--ast-global-color-5)","background-image":"","background-repeat":"repeat","background-position":"center center","background-size":"auto","background-attachment":"scroll","background-type":"","background-media":"","overlay-type":"","overlay-color":"","overlay-opacity":"","overlay-gradient":""},"mobile":{"background-color":"var(--ast-global-color-5)","background-image":"","background-repeat":"repeat","background-position":"center center","background-size":"auto","background-attachment":"scroll","background-type":"","background-media":"","overlay-type":"","overlay-color":"","overlay-opacity":"","overlay-gradient":""}}},"product_brand":[],"product_cat":[88,94],"product_tag":[],"class_list":{"0":"post-8049","1":"product","2":"type-product","3":"status-publish","4":"has-post-thumbnail","6":"product_cat-dogal-tas-dizileri","7":"product_cat-tum-urunler","8":"desktop-align-center","9":"tablet-align-left","10":"mobile-align-left","12":"first","13":"instock","14":"sale","15":"taxable","16":"shipping-taxable","17":"purchasable","18":"product-type-simple"},"_links":{"self":[{"href":"https:\/\/www.seibusilverstone.com\/en\/wp-json\/wp\/v2\/product\/8049","targetHints":{"allow":["GET"]}}],"collection":[{"href":"https:\/\/www.seibusilverstone.com\/en\/wp-json\/wp\/v2\/product"}],"about":[{"href":"https:\/\/www.seibusilverstone.com\/en\/wp-json\/wp\/v2\/types\/product"}],"replies":[{"embeddable":true,"href":"https:\/\/www.seibusilverstone.com\/en\/wp-json\/wp\/v2\/comments?post=8049"}],"version-history":[{"count":3,"href":"https:\/\/www.seibusilverstone.com\/en\/wp-json\/wp\/v2\/product\/8049\/revisions"}],"predecessor-version":[{"id":8065,"href":"https:\/\/www.seibusilverstone.com\/en\/wp-json\/wp\/v2\/product\/8049\/revisions\/8065"}],"wp:featuredmedia":[{"embeddable":true,"href":"https:\/\/www.seibusilverstone.com\/en\/wp-json\/wp\/v2\/media\/8061"}],"wp:attachment":[{"href":"https:\/\/www.seibusilverstone.com\/en\/wp-json\/wp\/v2\/media?parent=8049"}],"wp:term":[{"taxonomy":"product_brand","embeddable":true,"href":"https:\/\/www.seibusilverstone.com\/en\/wp-json\/wp\/v2\/product_brand?post=8049"},{"taxonomy":"product_cat","embeddable":true,"href":"https:\/\/www.seibusilverstone.com\/en\/wp-json\/wp\/v2\/product_cat?post=8049"},{"taxonomy":"product_tag","embeddable":true,"href":"https:\/\/www.seibusilverstone.com\/en\/wp-json\/wp\/v2\/product_tag?post=8049"}],"curies":[{"name":"wp","href":"https:\/\/api.w.org\/{rel}","templated":true}]}}