{"id":8652,"date":"2026-04-02T07:31:52","date_gmt":"2026-04-02T07:31:52","guid":{"rendered":"https:\/\/www.seibusilverstone.com\/?post_type=product&#038;p=8652"},"modified":"2026-04-02T07:31:53","modified_gmt":"2026-04-02T07:31:53","slug":"kyanit-faset-kesim-4-mm","status":"publish","type":"product","link":"https:\/\/www.seibusilverstone.com\/en\/shop\/kyanit-faset-kesim-4-mm\/","title":{"rendered":"Kyanit faset kesim (4 mm)"},"content":{"rendered":"<p><span data-sfc-root=\"c\" data-wiz-uids=\"ZwXoKd_7\" data-sfc-cb=\"\"><a class=\"GI370e\" href=\"https:\/\/www.google.com\/search?q=Kyanit+ta%C5%9F%C4%B1&amp;sca_esv=38eb6c1b91691d26&amp;rlz=1C1GCEU_trTR1008TR1008&amp;ei=4wnOabCHO8mF9u8PpMHbkQE&amp;biw=1536&amp;bih=730&amp;oq=kyan&amp;gs_lp=Egxnd3Mtd2l6LXNlcnAiBGt5YW4qAggBMgoQABiABBhDGIoFMgoQABiABBhDGIoFMgUQABiABDIFEAAYgAQyCxAAGIAEGLEDGIMBMg4QLhiABBjHARiOBRivATIKEAAYgAQYQxiKBTIFEAAYgAQyBRAAGIAEMgUQLhiABEiIL1DABljoF3ACeACQAQOYAXqgAb4PqgEEMy4xNbgBA8gBAPgBAZgCB6AC5wSoAgrCAggQABiABBiwA8ICCRAAGLADGAgYHsICBhAAGBYYHsICFhAAGIAEGEMYtAIY5wYYigUY6gLYAQHCAhwQLhiABBhDGLQCGOcGGMcBGIoFGOoCGK8B2AEBwgIcEC4YgAQY0QMYQxi0AhjnBhjHARiKBRjqAtgBAcICEBAAGAMYtAIY6gIYjwHYAQHCAhAQLhgDGLQCGOoCGI8B2AEBwgIIEC4YgAQYsQPCAhAQABiABBixAxhDGIMBGIoFwgIIEAAYgAQYsQPCAgsQLhiABBixAxiDAZgDCfEFSen1dYGPAI2IBgGQBgq6BgQIARgHkgcDMi41oAfIoQGyBwMwLjW4B9QEwgcFMi02LjHIByqACAA&amp;sclient=gws-wiz-serp&amp;ved=2ahUKEwj2xY7X0s6TAxVkVfEDHTftApMQgK4QegYIAQgAEAM\" data-ved=\"2ahUKEwj2xY7X0s6TAxVkVfEDHTftApMQgK4QegYIAQgAEAM\" data-hveid=\"CAEIABAD\">Kyanit ta\u015f\u0131<\/a><\/span>,\u00a0<mark class=\"HxTRcb\" data-sfc-root=\"c\" data-sfc-cb=\"\">enerjiyi dengelemesi, negatif d\u00fc\u015f\u00fcnceleri ar\u0131nd\u0131rmas\u0131 ve zihinsel berrakl\u0131k sa\u011flamas\u0131yla bilinen, genellikle mavi renkte bulunan \u015fifal\u0131 bir do\u011fal ta\u015ft\u0131r. \u0130leti\u015fim becerilerini g\u00fc\u00e7lendirdi\u011fi, stresi azaltt\u0131\u011f\u0131, bo\u011faz ve \u00fc\u00e7\u00fcnc\u00fc g\u00f6z \u00e7akralar\u0131n\u0131 hizalad\u0131\u011f\u0131na inan\u0131l\u0131r. Ayr\u0131ca, \u00f6fkeyi sakinle\u015ftirip derin meditasyon ve huzurlu bir uyku i\u00e7in kullan\u0131ld\u0131\u011f\u0131 bilinmektedir<\/mark><\/p>\n","protected":false},"excerpt":{"rendered":"<p>Men\u015fei: \u00c7in<\/p>\n<p>Uzunluk: 40 cm<\/p>\n<p>\u00d6l\u00e7\u00fc: 4 mm<\/p>\n","protected":false},"featured_media":8653,"comment_status":"open","ping_status":"closed","template":"","meta":{"site-sidebar-layout":"default","site-content-layout":"","ast-site-content-layout":"default","site-content-style":"default","site-sidebar-style":"default","ast-global-header-display":"","ast-banner-title-visibility":"","ast-main-header-display":"","ast-hfb-above-header-display":"","ast-hfb-below-header-display":"","ast-hfb-mobile-header-display":"","site-post-title":"","ast-breadcrumbs-content":"","ast-featured-img":"","footer-sml-layout":"","ast-disable-related-posts":"","theme-transparent-header-meta":"default","adv-header-id-meta":"","stick-header-meta":"","header-above-stick-meta":"","header-main-stick-meta":"","header-below-stick-meta":"","astra-migrate-meta-layouts":"set","ast-page-background-enabled":"default","ast-page-background-meta":{"desktop":{"background-color":"var(--ast-global-color-4)","background-image":"","background-repeat":"repeat","background-position":"center center","background-size":"auto","background-attachment":"scroll","background-type":"","background-media":"","overlay-type":"","overlay-color":"","overlay-opacity":"","overlay-gradient":""},"tablet":{"background-color":"","background-image":"","background-repeat":"repeat","background-position":"center center","background-size":"auto","background-attachment":"scroll","background-type":"","background-media":"","overlay-type":"","overlay-color":"","overlay-opacity":"","overlay-gradient":""},"mobile":{"background-color":"","background-image":"","background-repeat":"repeat","background-position":"center center","background-size":"auto","background-attachment":"scroll","background-type":"","background-media":"","overlay-type":"","overlay-color":"","overlay-opacity":"","overlay-gradient":""}},"ast-content-background-meta":{"desktop":{"background-color":"var(--ast-global-color-5)","background-image":"","background-repeat":"repeat","background-position":"center center","background-size":"auto","background-attachment":"scroll","background-type":"","background-media":"","overlay-type":"","overlay-color":"","overlay-opacity":"","overlay-gradient":""},"tablet":{"background-color":"var(--ast-global-color-5)","background-image":"","background-repeat":"repeat","background-position":"center center","background-size":"auto","background-attachment":"scroll","background-type":"","background-media":"","overlay-type":"","overlay-color":"","overlay-opacity":"","overlay-gradient":""},"mobile":{"background-color":"var(--ast-global-color-5)","background-image":"","background-repeat":"repeat","background-position":"center center","background-size":"auto","background-attachment":"scroll","background-type":"","background-media":"","overlay-type":"","overlay-color":"","overlay-opacity":"","overlay-gradient":""}}},"product_brand":[],"product_cat":[88,94],"product_tag":[766,767],"class_list":{"0":"post-8652","1":"product","2":"type-product","3":"status-publish","4":"has-post-thumbnail","6":"product_cat-dogal-tas-dizileri","7":"product_cat-tum-urunler","8":"product_tag-kyanit-2","9":"product_tag-kyanit-tasi-2","10":"desktop-align-center","11":"tablet-align-left","12":"mobile-align-left","14":"first","15":"instock","16":"sale","17":"taxable","18":"shipping-taxable","19":"purchasable","20":"product-type-simple"},"_links":{"self":[{"href":"https:\/\/www.seibusilverstone.com\/en\/wp-json\/wp\/v2\/product\/8652","targetHints":{"allow":["GET"]}}],"collection":[{"href":"https:\/\/www.seibusilverstone.com\/en\/wp-json\/wp\/v2\/product"}],"about":[{"href":"https:\/\/www.seibusilverstone.com\/en\/wp-json\/wp\/v2\/types\/product"}],"replies":[{"embeddable":true,"href":"https:\/\/www.seibusilverstone.com\/en\/wp-json\/wp\/v2\/comments?post=8652"}],"version-history":[{"count":1,"href":"https:\/\/www.seibusilverstone.com\/en\/wp-json\/wp\/v2\/product\/8652\/revisions"}],"predecessor-version":[{"id":8657,"href":"https:\/\/www.seibusilverstone.com\/en\/wp-json\/wp\/v2\/product\/8652\/revisions\/8657"}],"wp:featuredmedia":[{"embeddable":true,"href":"https:\/\/www.seibusilverstone.com\/en\/wp-json\/wp\/v2\/media\/8653"}],"wp:attachment":[{"href":"https:\/\/www.seibusilverstone.com\/en\/wp-json\/wp\/v2\/media?parent=8652"}],"wp:term":[{"taxonomy":"product_brand","embeddable":true,"href":"https:\/\/www.seibusilverstone.com\/en\/wp-json\/wp\/v2\/product_brand?post=8652"},{"taxonomy":"product_cat","embeddable":true,"href":"https:\/\/www.seibusilverstone.com\/en\/wp-json\/wp\/v2\/product_cat?post=8652"},{"taxonomy":"product_tag","embeddable":true,"href":"https:\/\/www.seibusilverstone.com\/en\/wp-json\/wp\/v2\/product_tag?post=8652"}],"curies":[{"name":"wp","href":"https:\/\/api.w.org\/{rel}","templated":true}]}}