{"id":8749,"date":"2026-04-07T08:18:03","date_gmt":"2026-04-07T08:18:03","guid":{"rendered":"https:\/\/www.seibusilverstone.com\/?post_type=product&#038;p=8749"},"modified":"2026-04-07T08:18:06","modified_gmt":"2026-04-07T08:18:06","slug":"malahit-faset-kesim-2mm","status":"publish","type":"product","link":"https:\/\/www.seibusilverstone.com\/en\/shop\/malahit-faset-kesim-2mm\/","title":{"rendered":"malahit faset kesim (2mm)"},"content":{"rendered":"<p><span data-sfc-root=\"c\" data-wiz-uids=\"FUvR1d_7\" data-sfc-cb=\"\"><a class=\"GI370e\" href=\"https:\/\/www.google.com\/search?q=Malakit+ta%C5%9F%C4%B1&amp;rlz=1C1GCEU_trTR1008TR1008&amp;oq=malahit+&amp;gs_lcrp=EgZjaHJvbWUqBwgEEAAYgAQyBggAEEUYOTIHCAEQABiABDIHCAIQABiABDILCAMQABgKGAsYgAQyBwgEEAAYgAQyBggFEEUYPTIGCAYQRRg9MgYIBxBFGDzSAQg1MjY3ajBqN6gCCLACAfEF9huTh6hKUoM&amp;sourceid=chrome&amp;ie=UTF-8&amp;ved=2ahUKEwii_JGwptuTAxWPQfEDHY6pF5YQgK4QegYIAQgAEAM\" data-ved=\"2ahUKEwii_JGwptuTAxWPQfEDHY6pF5YQgK4QegYIAQgAEAM\" data-hveid=\"CAEIABAD\">Malakit ta\u015f\u0131<\/a><\/span>, yo\u011fun ye\u015fil rengiyle bilinen, duygusal d\u00f6n\u00fc\u015f\u00fcm, huzur ve koruma sa\u011flad\u0131\u011f\u0131na inan\u0131lan g\u00fc\u00e7l\u00fc bir \u015fifa ta\u015f\u0131d\u0131r.\u00a0<mark class=\"HxTRcb\" data-sfc-root=\"c\" data-sfc-cb=\"\">Fiziksel olarak a\u011fr\u0131lar\u0131 (\u00f6zellikle eklem ve kas) hafifletti\u011fi, kalp sa\u011fl\u0131\u011f\u0131n\u0131 destekledi\u011fi ve negatif enerjiyi emerek stresi azaltt\u0131\u011f\u0131 s\u00f6ylenir. D\u00f6n\u00fc\u015f\u00fcm ta\u015f\u0131 olarak da bilinen malakit, ki\u015fisel geli\u015fimi destekler<\/mark>.<span class=\"uJ19be notranslate\" data-sfc-root=\"c\" data-wiz-uids=\"FUvR1d_b,FUvR1d_c\" data-sfc-cb=\"\"><span class=\"vKEkVd\" data-animation-atomic=\"\" data-wiz-attrbind=\"class=FUvR1d_a\/TKHnVd\"><span aria-hidden=\"true\">\u00a0<\/span><\/span><\/span><\/p>\n","protected":false},"excerpt":{"rendered":"<p>Men\u015fei: \u00c7in<\/p>\n<p>Uzunluk: 40 cm<\/p>\n<p>\u00d6l\u00e7\u00fc: 2 mm<\/p>\n","protected":false},"featured_media":8750,"comment_status":"open","ping_status":"closed","template":"","meta":{"site-sidebar-layout":"default","site-content-layout":"","ast-site-content-layout":"default","site-content-style":"default","site-sidebar-style":"default","ast-global-header-display":"","ast-banner-title-visibility":"","ast-main-header-display":"","ast-hfb-above-header-display":"","ast-hfb-below-header-display":"","ast-hfb-mobile-header-display":"","site-post-title":"","ast-breadcrumbs-content":"","ast-featured-img":"","footer-sml-layout":"","ast-disable-related-posts":"","theme-transparent-header-meta":"default","adv-header-id-meta":"","stick-header-meta":"","header-above-stick-meta":"","header-main-stick-meta":"","header-below-stick-meta":"","astra-migrate-meta-layouts":"set","ast-page-background-enabled":"default","ast-page-background-meta":{"desktop":{"background-color":"var(--ast-global-color-4)","background-image":"","background-repeat":"repeat","background-position":"center center","background-size":"auto","background-attachment":"scroll","background-type":"","background-media":"","overlay-type":"","overlay-color":"","overlay-opacity":"","overlay-gradient":""},"tablet":{"background-color":"","background-image":"","background-repeat":"repeat","background-position":"center center","background-size":"auto","background-attachment":"scroll","background-type":"","background-media":"","overlay-type":"","overlay-color":"","overlay-opacity":"","overlay-gradient":""},"mobile":{"background-color":"","background-image":"","background-repeat":"repeat","background-position":"center center","background-size":"auto","background-attachment":"scroll","background-type":"","background-media":"","overlay-type":"","overlay-color":"","overlay-opacity":"","overlay-gradient":""}},"ast-content-background-meta":{"desktop":{"background-color":"var(--ast-global-color-5)","background-image":"","background-repeat":"repeat","background-position":"center center","background-size":"auto","background-attachment":"scroll","background-type":"","background-media":"","overlay-type":"","overlay-color":"","overlay-opacity":"","overlay-gradient":""},"tablet":{"background-color":"var(--ast-global-color-5)","background-image":"","background-repeat":"repeat","background-position":"center center","background-size":"auto","background-attachment":"scroll","background-type":"","background-media":"","overlay-type":"","overlay-color":"","overlay-opacity":"","overlay-gradient":""},"mobile":{"background-color":"var(--ast-global-color-5)","background-image":"","background-repeat":"repeat","background-position":"center center","background-size":"auto","background-attachment":"scroll","background-type":"","background-media":"","overlay-type":"","overlay-color":"","overlay-opacity":"","overlay-gradient":""}}},"product_brand":[],"product_cat":[88,94],"product_tag":[670,669,877],"class_list":{"0":"post-8749","1":"product","2":"type-product","3":"status-publish","4":"has-post-thumbnail","6":"product_cat-dogal-tas-dizileri","7":"product_cat-tum-urunler","8":"product_tag-malahit","9":"product_tag-malahit-tasi","10":"product_tag-malakite","11":"desktop-align-center","12":"tablet-align-left","13":"mobile-align-left","15":"first","16":"instock","17":"sale","18":"taxable","19":"shipping-taxable","20":"purchasable","21":"product-type-simple"},"_links":{"self":[{"href":"https:\/\/www.seibusilverstone.com\/en\/wp-json\/wp\/v2\/product\/8749","targetHints":{"allow":["GET"]}}],"collection":[{"href":"https:\/\/www.seibusilverstone.com\/en\/wp-json\/wp\/v2\/product"}],"about":[{"href":"https:\/\/www.seibusilverstone.com\/en\/wp-json\/wp\/v2\/types\/product"}],"replies":[{"embeddable":true,"href":"https:\/\/www.seibusilverstone.com\/en\/wp-json\/wp\/v2\/comments?post=8749"}],"version-history":[{"count":1,"href":"https:\/\/www.seibusilverstone.com\/en\/wp-json\/wp\/v2\/product\/8749\/revisions"}],"predecessor-version":[{"id":8754,"href":"https:\/\/www.seibusilverstone.com\/en\/wp-json\/wp\/v2\/product\/8749\/revisions\/8754"}],"wp:featuredmedia":[{"embeddable":true,"href":"https:\/\/www.seibusilverstone.com\/en\/wp-json\/wp\/v2\/media\/8750"}],"wp:attachment":[{"href":"https:\/\/www.seibusilverstone.com\/en\/wp-json\/wp\/v2\/media?parent=8749"}],"wp:term":[{"taxonomy":"product_brand","embeddable":true,"href":"https:\/\/www.seibusilverstone.com\/en\/wp-json\/wp\/v2\/product_brand?post=8749"},{"taxonomy":"product_cat","embeddable":true,"href":"https:\/\/www.seibusilverstone.com\/en\/wp-json\/wp\/v2\/product_cat?post=8749"},{"taxonomy":"product_tag","embeddable":true,"href":"https:\/\/www.seibusilverstone.com\/en\/wp-json\/wp\/v2\/product_tag?post=8749"}],"curies":[{"name":"wp","href":"https:\/\/api.w.org\/{rel}","templated":true}]}}