{"id":8939,"date":"2026-04-08T12:12:32","date_gmt":"2026-04-08T12:12:32","guid":{"rendered":"https:\/\/www.seibusilverstone.com\/?post_type=product&#038;p=8939"},"modified":"2026-04-08T12:12:32","modified_gmt":"2026-04-08T12:12:32","slug":"hematit-lacivert-21mm","status":"publish","type":"product","link":"https:\/\/www.seibusilverstone.com\/en\/shop\/hematit-lacivert-21mm\/","title":{"rendered":"hematit lacivert (2*1mm)"},"content":{"rendered":"<p><span data-sfc-root=\"c\" data-wiz-uids=\"kpPFBd_8\" data-sfc-cb=\"\"><a class=\"GI370e\" href=\"https:\/\/www.google.com\/search?q=Hematit+ta%C5%9F%C4%B1&amp;rlz=1C1GCEU_trTR1008TR1008&amp;biw=1536&amp;bih=730&amp;sca_esv=260512ec18042d9e&amp;ei=MDnWaevAFJuoxc8PxtDxoAY&amp;oq=hemat+ta%C5%9F%C4%B1+faydalar%C4%B1&amp;gs_lp=Egxnd3Mtd2l6LXNlcnAiF2hlbWF0IHRhxZ_EsSBmYXlkYWxhcsSxKgIIADIKEAAYgAQYsQMYDTIGEAAYBxgeMgYQABgHGB4yBhAAGAcYHjIGEAAYBxgeMggQABgHGAgYHjIIEAAYBxgIGB4yCBAAGAcYCBgeMggQABgFGAcYHjIIEAAYBRgHGB5IsCdQ1QNY3xZwAXgBkAEAmAFtoAG2B6oBAzguMrgBA8gBAPgBAZgCCKACywXCAgoQABiwAxjWBBhHwgINEAAYgAQYsAMYQxiKBcICBxAAGIAEGA3CAgUQABjvBcICCBAAGIAEGKIEmAMAiAYBkAYKkgcDNC40oAfjRrIHAzMuNLgHvwXCBwMyLTjIBySACAA&amp;sclient=gws-wiz-serp&amp;ved=2ahUKEwjfxNTgmN6TAxVHSvEDHQzbLyEQgK4QegYIAQgAEAM\" data-ved=\"2ahUKEwjfxNTgmN6TAxVHSvEDHQzbLyEQgK4QegYIAQgAEAM\" data-hveid=\"CAEIABAD\">Hematit ta\u015f\u0131<\/a><\/span>,\u00a0<mark class=\"HxTRcb\" data-sfc-root=\"c\" data-sfc-cb=\"\">fiziksel ve zihinsel dengeyi destekleyen, stresi azaltan, negatif enerjiyi emen ve odaklanmay\u0131 art\u0131ran g\u00fc\u00e7l\u00fc bir topraklama ta\u015f\u0131d\u0131r. Kan dola\u015f\u0131m\u0131n\u0131 d\u00fczenlemeye, kan de\u011ferlerini (demir emilimi) iyile\u015ftirmeye ve eklem a\u011fr\u0131lar\u0131n\u0131 hafifletmeye yard\u0131mc\u0131 oldu\u011funa inan\u0131l\u0131r. \u00d6zg\u00fcveni art\u0131r\u0131r ve enerjiyi dengeler<\/mark><\/p>\n","protected":false},"excerpt":{"rendered":"<p>Men\u015fei: \u00c7in<\/p>\n<p>Uzunluk: 40 cm<\/p>\n<p>\u00d6l\u00e7\u00fc: 2*1 mm<\/p>\n","protected":false},"featured_media":8940,"comment_status":"open","ping_status":"closed","template":"","meta":{"site-sidebar-layout":"default","site-content-layout":"","ast-site-content-layout":"default","site-content-style":"default","site-sidebar-style":"default","ast-global-header-display":"","ast-banner-title-visibility":"","ast-main-header-display":"","ast-hfb-above-header-display":"","ast-hfb-below-header-display":"","ast-hfb-mobile-header-display":"","site-post-title":"","ast-breadcrumbs-content":"","ast-featured-img":"","footer-sml-layout":"","ast-disable-related-posts":"","theme-transparent-header-meta":"default","adv-header-id-meta":"","stick-header-meta":"","header-above-stick-meta":"","header-main-stick-meta":"","header-below-stick-meta":"","astra-migrate-meta-layouts":"set","ast-page-background-enabled":"default","ast-page-background-meta":{"desktop":{"background-color":"var(--ast-global-color-4)","background-image":"","background-repeat":"repeat","background-position":"center center","background-size":"auto","background-attachment":"scroll","background-type":"","background-media":"","overlay-type":"","overlay-color":"","overlay-opacity":"","overlay-gradient":""},"tablet":{"background-color":"","background-image":"","background-repeat":"repeat","background-position":"center center","background-size":"auto","background-attachment":"scroll","background-type":"","background-media":"","overlay-type":"","overlay-color":"","overlay-opacity":"","overlay-gradient":""},"mobile":{"background-color":"","background-image":"","background-repeat":"repeat","background-position":"center center","background-size":"auto","background-attachment":"scroll","background-type":"","background-media":"","overlay-type":"","overlay-color":"","overlay-opacity":"","overlay-gradient":""}},"ast-content-background-meta":{"desktop":{"background-color":"var(--ast-global-color-5)","background-image":"","background-repeat":"repeat","background-position":"center center","background-size":"auto","background-attachment":"scroll","background-type":"","background-media":"","overlay-type":"","overlay-color":"","overlay-opacity":"","overlay-gradient":""},"tablet":{"background-color":"var(--ast-global-color-5)","background-image":"","background-repeat":"repeat","background-position":"center center","background-size":"auto","background-attachment":"scroll","background-type":"","background-media":"","overlay-type":"","overlay-color":"","overlay-opacity":"","overlay-gradient":""},"mobile":{"background-color":"var(--ast-global-color-5)","background-image":"","background-repeat":"repeat","background-position":"center center","background-size":"auto","background-attachment":"scroll","background-type":"","background-media":"","overlay-type":"","overlay-color":"","overlay-opacity":"","overlay-gradient":""}}},"product_brand":[],"product_cat":[88,94],"product_tag":[109,113],"class_list":{"0":"post-8939","1":"product","2":"type-product","3":"status-publish","4":"has-post-thumbnail","6":"product_cat-dogal-tas-dizileri","7":"product_cat-tum-urunler","8":"product_tag-hematit","9":"product_tag-hematit-tasi","10":"desktop-align-center","11":"tablet-align-left","12":"mobile-align-left","14":"first","15":"instock","16":"sale","17":"taxable","18":"shipping-taxable","19":"purchasable","20":"product-type-simple"},"_links":{"self":[{"href":"https:\/\/www.seibusilverstone.com\/en\/wp-json\/wp\/v2\/product\/8939","targetHints":{"allow":["GET"]}}],"collection":[{"href":"https:\/\/www.seibusilverstone.com\/en\/wp-json\/wp\/v2\/product"}],"about":[{"href":"https:\/\/www.seibusilverstone.com\/en\/wp-json\/wp\/v2\/types\/product"}],"replies":[{"embeddable":true,"href":"https:\/\/www.seibusilverstone.com\/en\/wp-json\/wp\/v2\/comments?post=8939"}],"version-history":[{"count":1,"href":"https:\/\/www.seibusilverstone.com\/en\/wp-json\/wp\/v2\/product\/8939\/revisions"}],"predecessor-version":[{"id":8944,"href":"https:\/\/www.seibusilverstone.com\/en\/wp-json\/wp\/v2\/product\/8939\/revisions\/8944"}],"wp:featuredmedia":[{"embeddable":true,"href":"https:\/\/www.seibusilverstone.com\/en\/wp-json\/wp\/v2\/media\/8940"}],"wp:attachment":[{"href":"https:\/\/www.seibusilverstone.com\/en\/wp-json\/wp\/v2\/media?parent=8939"}],"wp:term":[{"taxonomy":"product_brand","embeddable":true,"href":"https:\/\/www.seibusilverstone.com\/en\/wp-json\/wp\/v2\/product_brand?post=8939"},{"taxonomy":"product_cat","embeddable":true,"href":"https:\/\/www.seibusilverstone.com\/en\/wp-json\/wp\/v2\/product_cat?post=8939"},{"taxonomy":"product_tag","embeddable":true,"href":"https:\/\/www.seibusilverstone.com\/en\/wp-json\/wp\/v2\/product_tag?post=8939"}],"curies":[{"name":"wp","href":"https:\/\/api.w.org\/{rel}","templated":true}]}}