{"id":9027,"date":"2026-04-10T13:09:31","date_gmt":"2026-04-10T13:09:31","guid":{"rendered":"https:\/\/www.seibusilverstone.com\/?post_type=product&#038;p=9027"},"modified":"2026-04-10T13:09:33","modified_gmt":"2026-04-10T13:09:33","slug":"herkimer-diamond-6-mm","status":"publish","type":"product","link":"https:\/\/www.seibusilverstone.com\/en\/shop\/herkimer-diamond-6-mm\/","title":{"rendered":"HERK\u0130MER D\u0130AMOND (6 MM)"},"content":{"rendered":"<p><span data-sfc-root=\"c\" data-wiz-uids=\"W1cLif_g\" data-sfc-cb=\"\" data-processed=\"true\"><a class=\"GI370e\" href=\"https:\/\/www.google.com\/search?q=Herkimer+elmas%C4%B1&amp;sca_esv=f6dab0cbe71090ff&amp;rlz=1C1GCEU_trTR1008TR1008&amp;ei=-vXYaYuQNviJ7NYPotPQ2QE&amp;biw=1536&amp;bih=730&amp;oq=herkimer+diamond+TA%C5%9EI&amp;gs_lp=Egxnd3Mtd2l6LXNlcnAiFmhlcmtpbWVyIGRpYW1vbmQgVEHFnkkqAggAMgYQABgWGB4yBRAAGO8FMggQABiABBiiBDIIEAAYgAQYogQyCBAAGIAEGKIESI4cUIYFWKAQcAF4AZABAJgBa6AB_wOqAQMxLjS4AQPIAQD4AQGYAgagAqQEwgIKEAAYsAMY1gQYR8ICDRAAGIAEGLADGEMYigXCAgUQABiABMICBxAAGIAEGBPCAggQABgTGBYYHpgDAIgGAZAGCZIHAzIuNKAHxhayBwMxLjS4B5sEwgcFMC4xLjXIBxyACAA&amp;sclient=gws-wiz-serp&amp;ved=2ahUKEwjG1vX-rOOTAxVWA9sEHXWhFAMQgK4QegQIARAB\" data-ved=\"2ahUKEwjG1vX-rOOTAxVWA9sEHXWhFAMQgK4QegQIARAB\" data-hveid=\"CAEQAQ\" data-processed=\"true\">Herkimer elmas\u0131<\/a><\/span>\u00a0(Herkimer Diamond), y\u00fcksek enerjisiyle bilinen,\u00a0<mark class=\"HxTRcb\" data-sfc-root=\"c\" data-sfc-cb=\"\" data-processed=\"true\">zihinsel netlik sa\u011flayan, ruhsal temizlik yapan ve ba\u011f\u0131\u015f\u0131kl\u0131k sistemini destekleyen g\u00fc\u00e7l\u00fc bir kuvars t\u00fcr\u00fcd\u00fcr<\/mark>. Genellikle &#8220;uyum ta\u015f\u0131&#8221; olarak adland\u0131r\u0131lan bu kristal, meditasyonlarda, \u00e7akralar\u0131 dengelemede ve astral seyahat \u00e7al\u0131\u015fmalar\u0131nda s\u0131k\u00e7a kullan\u0131l\u0131r.<\/p>\n","protected":false},"excerpt":{"rendered":"<p>Men\u015fei: \u00c7in<\/p>\n<p>Uzunluk: 40 cm<\/p>\n<p>\u00d6l\u00e7\u00fc: 6 mm<\/p>\n","protected":false},"featured_media":9030,"comment_status":"open","ping_status":"closed","template":"","meta":{"site-sidebar-layout":"default","site-content-layout":"","ast-site-content-layout":"default","site-content-style":"default","site-sidebar-style":"default","ast-global-header-display":"","ast-banner-title-visibility":"","ast-main-header-display":"","ast-hfb-above-header-display":"","ast-hfb-below-header-display":"","ast-hfb-mobile-header-display":"","site-post-title":"","ast-breadcrumbs-content":"","ast-featured-img":"","footer-sml-layout":"","ast-disable-related-posts":"","theme-transparent-header-meta":"default","adv-header-id-meta":"","stick-header-meta":"","header-above-stick-meta":"","header-main-stick-meta":"","header-below-stick-meta":"","astra-migrate-meta-layouts":"set","ast-page-background-enabled":"default","ast-page-background-meta":{"desktop":{"background-color":"var(--ast-global-color-4)","background-image":"","background-repeat":"repeat","background-position":"center center","background-size":"auto","background-attachment":"scroll","background-type":"","background-media":"","overlay-type":"","overlay-color":"","overlay-opacity":"","overlay-gradient":""},"tablet":{"background-color":"","background-image":"","background-repeat":"repeat","background-position":"center center","background-size":"auto","background-attachment":"scroll","background-type":"","background-media":"","overlay-type":"","overlay-color":"","overlay-opacity":"","overlay-gradient":""},"mobile":{"background-color":"","background-image":"","background-repeat":"repeat","background-position":"center center","background-size":"auto","background-attachment":"scroll","background-type":"","background-media":"","overlay-type":"","overlay-color":"","overlay-opacity":"","overlay-gradient":""}},"ast-content-background-meta":{"desktop":{"background-color":"var(--ast-global-color-5)","background-image":"","background-repeat":"repeat","background-position":"center center","background-size":"auto","background-attachment":"scroll","background-type":"","background-media":"","overlay-type":"","overlay-color":"","overlay-opacity":"","overlay-gradient":""},"tablet":{"background-color":"var(--ast-global-color-5)","background-image":"","background-repeat":"repeat","background-position":"center center","background-size":"auto","background-attachment":"scroll","background-type":"","background-media":"","overlay-type":"","overlay-color":"","overlay-opacity":"","overlay-gradient":""},"mobile":{"background-color":"var(--ast-global-color-5)","background-image":"","background-repeat":"repeat","background-position":"center center","background-size":"auto","background-attachment":"scroll","background-type":"","background-media":"","overlay-type":"","overlay-color":"","overlay-opacity":"","overlay-gradient":""}}},"product_brand":[],"product_cat":[88,94],"product_tag":[902,900,901],"class_list":{"0":"post-9027","1":"product","2":"type-product","3":"status-publish","4":"has-post-thumbnail","6":"product_cat-dogal-tas-dizileri","7":"product_cat-tum-urunler","8":"product_tag-herkimer-diamod-tasi","9":"product_tag-herkimer-diamond","10":"product_tag-herkimer-tasi","11":"desktop-align-center","12":"tablet-align-left","13":"mobile-align-left","15":"first","16":"instock","17":"sale","18":"taxable","19":"shipping-taxable","20":"purchasable","21":"product-type-simple"},"_links":{"self":[{"href":"https:\/\/www.seibusilverstone.com\/en\/wp-json\/wp\/v2\/product\/9027","targetHints":{"allow":["GET"]}}],"collection":[{"href":"https:\/\/www.seibusilverstone.com\/en\/wp-json\/wp\/v2\/product"}],"about":[{"href":"https:\/\/www.seibusilverstone.com\/en\/wp-json\/wp\/v2\/types\/product"}],"replies":[{"embeddable":true,"href":"https:\/\/www.seibusilverstone.com\/en\/wp-json\/wp\/v2\/comments?post=9027"}],"version-history":[{"count":1,"href":"https:\/\/www.seibusilverstone.com\/en\/wp-json\/wp\/v2\/product\/9027\/revisions"}],"predecessor-version":[{"id":9032,"href":"https:\/\/www.seibusilverstone.com\/en\/wp-json\/wp\/v2\/product\/9027\/revisions\/9032"}],"wp:featuredmedia":[{"embeddable":true,"href":"https:\/\/www.seibusilverstone.com\/en\/wp-json\/wp\/v2\/media\/9030"}],"wp:attachment":[{"href":"https:\/\/www.seibusilverstone.com\/en\/wp-json\/wp\/v2\/media?parent=9027"}],"wp:term":[{"taxonomy":"product_brand","embeddable":true,"href":"https:\/\/www.seibusilverstone.com\/en\/wp-json\/wp\/v2\/product_brand?post=9027"},{"taxonomy":"product_cat","embeddable":true,"href":"https:\/\/www.seibusilverstone.com\/en\/wp-json\/wp\/v2\/product_cat?post=9027"},{"taxonomy":"product_tag","embeddable":true,"href":"https:\/\/www.seibusilverstone.com\/en\/wp-json\/wp\/v2\/product_tag?post=9027"}],"curies":[{"name":"wp","href":"https:\/\/api.w.org\/{rel}","templated":true}]}}