{"id":9062,"date":"2026-04-17T12:52:22","date_gmt":"2026-04-17T12:52:22","guid":{"rendered":"https:\/\/www.seibusilverstone.com\/?post_type=product&#038;p=9062"},"modified":"2026-04-17T12:52:23","modified_gmt":"2026-04-17T12:52:23","slug":"apatit-kup-22-mm","status":"publish","type":"product","link":"https:\/\/www.seibusilverstone.com\/en\/shop\/apatit-kup-22-mm\/","title":{"rendered":"apatit k\u00fcp (2*2 mm)"},"content":{"rendered":"<ul class=\"wp-block-list\">\n<li>Apatit, \u00f6\u011frenme ve kavrama yetene\u011fini art\u0131r\u0131r, ilham kaynaklar\u0131n\u0131 geli\u015ftirerek yarat\u0131c\u0131l\u0131k yetene\u011fi verir. Apatit ilham ta\u015f\u0131d\u0131r.<\/li>\n<li>\u00d6zg\u00fcveni artt\u0131r\u0131r, ki\u015fisel geli\u015fime olumlu etkisi olur.<\/li>\n<li>\u00c7al\u0131\u015fma \u015fevkini art\u0131rarak, isteklerimize ula\u015fmam\u0131z\u0131 sa\u011flar. Zihin a\u00e7\u0131kl\u0131\u011f\u0131 verir.<\/li>\n<li>Koordinasyon becerisini art\u0131r\u0131r.<\/li>\n<li>Stresin giderilmesinde yararl\u0131d\u0131r.<\/li>\n<li>Mant\u0131k g\u00fcc\u00fcn\u00fc (akl\u0131n i\u015flevini), bedenin dayan\u0131kl\u0131l\u0131\u011f\u0131n\u0131 ve verimlili\u011fi art\u0131r\u0131r.<\/li>\n<li>Kas yap\u0131s\u0131n\u0131 g\u00fc\u00e7lendirir.<\/li>\n<li>Y\u00fcksek tansiyonu d\u00fczenler, normal seviyeye d\u00fc\u015f\u00fcr\u00fcr.<\/li>\n<li>A\u00e7l\u0131k hissini bast\u0131r\u0131r.<\/li>\n<\/ul>\n","protected":false},"excerpt":{"rendered":"<p>Men\u015fei: \u00c7in<\/p>\n<p>Uzunluk: 40 cm<\/p>\n<p>\u00d6l\u00e7\u00fc: 2*2 mm<\/p>\n","protected":false},"featured_media":9063,"comment_status":"open","ping_status":"closed","template":"","meta":{"site-sidebar-layout":"default","site-content-layout":"","ast-site-content-layout":"default","site-content-style":"default","site-sidebar-style":"default","ast-global-header-display":"","ast-banner-title-visibility":"","ast-main-header-display":"","ast-hfb-above-header-display":"","ast-hfb-below-header-display":"","ast-hfb-mobile-header-display":"","site-post-title":"","ast-breadcrumbs-content":"","ast-featured-img":"","footer-sml-layout":"","ast-disable-related-posts":"","theme-transparent-header-meta":"default","adv-header-id-meta":"","stick-header-meta":"","header-above-stick-meta":"","header-main-stick-meta":"","header-below-stick-meta":"","astra-migrate-meta-layouts":"set","ast-page-background-enabled":"default","ast-page-background-meta":{"desktop":{"background-color":"var(--ast-global-color-4)","background-image":"","background-repeat":"repeat","background-position":"center center","background-size":"auto","background-attachment":"scroll","background-type":"","background-media":"","overlay-type":"","overlay-color":"","overlay-opacity":"","overlay-gradient":""},"tablet":{"background-color":"","background-image":"","background-repeat":"repeat","background-position":"center center","background-size":"auto","background-attachment":"scroll","background-type":"","background-media":"","overlay-type":"","overlay-color":"","overlay-opacity":"","overlay-gradient":""},"mobile":{"background-color":"","background-image":"","background-repeat":"repeat","background-position":"center center","background-size":"auto","background-attachment":"scroll","background-type":"","background-media":"","overlay-type":"","overlay-color":"","overlay-opacity":"","overlay-gradient":""}},"ast-content-background-meta":{"desktop":{"background-color":"var(--ast-global-color-5)","background-image":"","background-repeat":"repeat","background-position":"center center","background-size":"auto","background-attachment":"scroll","background-type":"","background-media":"","overlay-type":"","overlay-color":"","overlay-opacity":"","overlay-gradient":""},"tablet":{"background-color":"var(--ast-global-color-5)","background-image":"","background-repeat":"repeat","background-position":"center center","background-size":"auto","background-attachment":"scroll","background-type":"","background-media":"","overlay-type":"","overlay-color":"","overlay-opacity":"","overlay-gradient":""},"mobile":{"background-color":"var(--ast-global-color-5)","background-image":"","background-repeat":"repeat","background-position":"center center","background-size":"auto","background-attachment":"scroll","background-type":"","background-media":"","overlay-type":"","overlay-color":"","overlay-opacity":"","overlay-gradient":""}}},"product_brand":[],"product_cat":[88,94],"product_tag":[444,665],"class_list":{"0":"post-9062","1":"product","2":"type-product","3":"status-publish","4":"has-post-thumbnail","6":"product_cat-dogal-tas-dizileri","7":"product_cat-tum-urunler","8":"product_tag-apatit-tr","9":"product_tag-apatit-tasi","10":"desktop-align-center","11":"tablet-align-left","12":"mobile-align-left","14":"first","15":"instock","16":"sale","17":"taxable","18":"shipping-taxable","19":"purchasable","20":"product-type-simple"},"_links":{"self":[{"href":"https:\/\/www.seibusilverstone.com\/en\/wp-json\/wp\/v2\/product\/9062","targetHints":{"allow":["GET"]}}],"collection":[{"href":"https:\/\/www.seibusilverstone.com\/en\/wp-json\/wp\/v2\/product"}],"about":[{"href":"https:\/\/www.seibusilverstone.com\/en\/wp-json\/wp\/v2\/types\/product"}],"replies":[{"embeddable":true,"href":"https:\/\/www.seibusilverstone.com\/en\/wp-json\/wp\/v2\/comments?post=9062"}],"version-history":[{"count":1,"href":"https:\/\/www.seibusilverstone.com\/en\/wp-json\/wp\/v2\/product\/9062\/revisions"}],"predecessor-version":[{"id":9067,"href":"https:\/\/www.seibusilverstone.com\/en\/wp-json\/wp\/v2\/product\/9062\/revisions\/9067"}],"wp:featuredmedia":[{"embeddable":true,"href":"https:\/\/www.seibusilverstone.com\/en\/wp-json\/wp\/v2\/media\/9063"}],"wp:attachment":[{"href":"https:\/\/www.seibusilverstone.com\/en\/wp-json\/wp\/v2\/media?parent=9062"}],"wp:term":[{"taxonomy":"product_brand","embeddable":true,"href":"https:\/\/www.seibusilverstone.com\/en\/wp-json\/wp\/v2\/product_brand?post=9062"},{"taxonomy":"product_cat","embeddable":true,"href":"https:\/\/www.seibusilverstone.com\/en\/wp-json\/wp\/v2\/product_cat?post=9062"},{"taxonomy":"product_tag","embeddable":true,"href":"https:\/\/www.seibusilverstone.com\/en\/wp-json\/wp\/v2\/product_tag?post=9062"}],"curies":[{"name":"wp","href":"https:\/\/api.w.org\/{rel}","templated":true}]}}