{"id":9106,"date":"2026-04-17T14:29:48","date_gmt":"2026-04-17T14:29:48","guid":{"rendered":"https:\/\/www.seibusilverstone.com\/?post_type=product&#038;p=9106"},"modified":"2026-04-17T14:29:48","modified_gmt":"2026-04-17T14:29:48","slug":"labradorit-kup-22-mm","status":"publish","type":"product","link":"https:\/\/www.seibusilverstone.com\/en\/shop\/labradorit-kup-22-mm\/","title":{"rendered":"labradorit k\u00fcp (2*2 mm)"},"content":{"rendered":"<p><span data-sfc-root=\"c\" data-wiz-uids=\"iGRMff_8\" data-sfc-cb=\"\"><a class=\"GI370e\" href=\"https:\/\/www.google.com\/search?q=Labradorit+ta%C5%9F%C4%B1&amp;sca_esv=adc3db5cd18c1471&amp;rlz=1C1GCEU_trTR1008TR1008&amp;biw=1536&amp;bih=730&amp;ei=f0LiaZPyE7-Axc8Pv-ze-Qw&amp;ved=2ahUKEwiM2KSUjPWTAxXiXfEDHZ56OyMQgK4QegYIAQgAEAM&amp;uact=5&amp;oq=labradorit+ta%C5%9F%C4%B1+faydalar%C4%B1&amp;gs_lp=Egxnd3Mtd2l6LXNlcnAiHGxhYnJhZG9yaXQgdGHFn8SxIGZheWRhbGFyxLEyBRAAGIAEMgYQABgFGB4yBhAAGAgYHjIGEAAYCBgeMgYQABgIGB4yCBAAGKIEGIkFMgUQABjvBUjsH1AAWMQecAB4AZABAJgBcqABxgmqAQM2Lja4AQPIAQD4AQGYAgygAoMKwgIGEAAYBxgewgIHEAAYgAQYDcICCBAAGAcYCBgewgIIEAAYBRgNGB7CAggQABgFGAcYHpgDAJIHAzMuOaAH0EyyBwMzLjm4B4MKwgcFMC41LjfIBymACAA&amp;sclient=gws-wiz-serp\" data-ved=\"2ahUKEwiM2KSUjPWTAxXiXfEDHZ56OyMQgK4QegYIAQgAEAM\" data-hveid=\"CAEIABAD\">Labradorit ta\u015f\u0131<\/a><\/span>,\u00a0<mark class=\"HxTRcb\" data-sfc-root=\"c\" data-sfc-cb=\"\">auray\u0131 temizleyen, negatif enerjilere kar\u015f\u0131 koruma kalkan\u0131 olu\u015fturan ve sezgileri g\u00fc\u00e7lendiren olduk\u00e7a spirit\u00fcel bir ta\u015ft\u0131r. Zihinsel karma\u015fay\u0131 sakinle\u015ftirip odaklanmay\u0131 art\u0131r\u0131rken, de\u011fi\u015fim d\u00f6nemlerinde cesaret ve \u00f6zg\u00fcven verir. Ayr\u0131ca a\u011fr\u0131l\u0131 adet d\u00f6nemlerini yat\u0131\u015ft\u0131rd\u0131\u011f\u0131na ve i\u00e7sel dengeyi sa\u011flad\u0131\u011f\u0131na inan\u0131l\u0131r<\/mark>.<\/p>\n","protected":false},"excerpt":{"rendered":"<p>Men\u015fei: \u00c7in<\/p>\n<p>Uzunluk: 40 cm<\/p>\n<p>\u00d6l\u00e7\u00fc: 2*2 mm<\/p>\n","protected":false},"featured_media":9107,"comment_status":"open","ping_status":"closed","template":"","meta":{"site-sidebar-layout":"default","site-content-layout":"","ast-site-content-layout":"default","site-content-style":"default","site-sidebar-style":"default","ast-global-header-display":"","ast-banner-title-visibility":"","ast-main-header-display":"","ast-hfb-above-header-display":"","ast-hfb-below-header-display":"","ast-hfb-mobile-header-display":"","site-post-title":"","ast-breadcrumbs-content":"","ast-featured-img":"","footer-sml-layout":"","ast-disable-related-posts":"","theme-transparent-header-meta":"default","adv-header-id-meta":"","stick-header-meta":"","header-above-stick-meta":"","header-main-stick-meta":"","header-below-stick-meta":"","astra-migrate-meta-layouts":"set","ast-page-background-enabled":"default","ast-page-background-meta":{"desktop":{"background-color":"var(--ast-global-color-4)","background-image":"","background-repeat":"repeat","background-position":"center center","background-size":"auto","background-attachment":"scroll","background-type":"","background-media":"","overlay-type":"","overlay-color":"","overlay-opacity":"","overlay-gradient":""},"tablet":{"background-color":"","background-image":"","background-repeat":"repeat","background-position":"center center","background-size":"auto","background-attachment":"scroll","background-type":"","background-media":"","overlay-type":"","overlay-color":"","overlay-opacity":"","overlay-gradient":""},"mobile":{"background-color":"","background-image":"","background-repeat":"repeat","background-position":"center center","background-size":"auto","background-attachment":"scroll","background-type":"","background-media":"","overlay-type":"","overlay-color":"","overlay-opacity":"","overlay-gradient":""}},"ast-content-background-meta":{"desktop":{"background-color":"var(--ast-global-color-5)","background-image":"","background-repeat":"repeat","background-position":"center center","background-size":"auto","background-attachment":"scroll","background-type":"","background-media":"","overlay-type":"","overlay-color":"","overlay-opacity":"","overlay-gradient":""},"tablet":{"background-color":"var(--ast-global-color-5)","background-image":"","background-repeat":"repeat","background-position":"center center","background-size":"auto","background-attachment":"scroll","background-type":"","background-media":"","overlay-type":"","overlay-color":"","overlay-opacity":"","overlay-gradient":""},"mobile":{"background-color":"var(--ast-global-color-5)","background-image":"","background-repeat":"repeat","background-position":"center center","background-size":"auto","background-attachment":"scroll","background-type":"","background-media":"","overlay-type":"","overlay-color":"","overlay-opacity":"","overlay-gradient":""}}},"product_brand":[],"product_cat":[88,94],"product_tag":[361,653],"class_list":{"0":"post-9106","1":"product","2":"type-product","3":"status-publish","4":"has-post-thumbnail","6":"product_cat-dogal-tas-dizileri","7":"product_cat-tum-urunler","8":"product_tag-labradorit-tr","9":"product_tag-labradorit-tasi","10":"desktop-align-center","11":"tablet-align-left","12":"mobile-align-left","14":"first","15":"instock","16":"sale","17":"taxable","18":"shipping-taxable","19":"purchasable","20":"product-type-simple"},"_links":{"self":[{"href":"https:\/\/www.seibusilverstone.com\/en\/wp-json\/wp\/v2\/product\/9106","targetHints":{"allow":["GET"]}}],"collection":[{"href":"https:\/\/www.seibusilverstone.com\/en\/wp-json\/wp\/v2\/product"}],"about":[{"href":"https:\/\/www.seibusilverstone.com\/en\/wp-json\/wp\/v2\/types\/product"}],"replies":[{"embeddable":true,"href":"https:\/\/www.seibusilverstone.com\/en\/wp-json\/wp\/v2\/comments?post=9106"}],"version-history":[{"count":1,"href":"https:\/\/www.seibusilverstone.com\/en\/wp-json\/wp\/v2\/product\/9106\/revisions"}],"predecessor-version":[{"id":9111,"href":"https:\/\/www.seibusilverstone.com\/en\/wp-json\/wp\/v2\/product\/9106\/revisions\/9111"}],"wp:featuredmedia":[{"embeddable":true,"href":"https:\/\/www.seibusilverstone.com\/en\/wp-json\/wp\/v2\/media\/9107"}],"wp:attachment":[{"href":"https:\/\/www.seibusilverstone.com\/en\/wp-json\/wp\/v2\/media?parent=9106"}],"wp:term":[{"taxonomy":"product_brand","embeddable":true,"href":"https:\/\/www.seibusilverstone.com\/en\/wp-json\/wp\/v2\/product_brand?post=9106"},{"taxonomy":"product_cat","embeddable":true,"href":"https:\/\/www.seibusilverstone.com\/en\/wp-json\/wp\/v2\/product_cat?post=9106"},{"taxonomy":"product_tag","embeddable":true,"href":"https:\/\/www.seibusilverstone.com\/en\/wp-json\/wp\/v2\/product_tag?post=9106"}],"curies":[{"name":"wp","href":"https:\/\/api.w.org\/{rel}","templated":true}]}}