{"id":9145,"date":"2026-04-17T14:58:02","date_gmt":"2026-04-17T14:58:02","guid":{"rendered":"https:\/\/www.seibusilverstone.com\/?post_type=product&#038;p=9145"},"modified":"2026-04-17T14:58:02","modified_gmt":"2026-04-17T14:58:02","slug":"aquamarin-kup-33-mm","status":"publish","type":"product","link":"https:\/\/www.seibusilverstone.com\/en\/shop\/aquamarin-kup-33-mm\/","title":{"rendered":"aquamarin k\u00fcp (3*3 mm)"},"content":{"rendered":"<p><span data-sfc-root=\"c\" data-wiz-uids=\"ZxAsd_8\" data-sfc-cb=\"\"><a class=\"GI370e\" href=\"https:\/\/www.google.com\/search?q=Akuamarin+ta%C5%9F%C4%B1&amp;sca_esv=adc3db5cd18c1471&amp;rlz=1C1GCEU_trTR1008TR1008&amp;biw=1536&amp;bih=730&amp;ei=CkniadCeIPWPxc8PtO_V8AI&amp;oq=akvamarita%C5%9F%C4%B1+faydalar%C4%B1&amp;gs_lp=Egxnd3Mtd2l6LXNlcnAiGWFrdmFtYXJpdGHFn8SxIGZheWRhbGFyxLEqAggAMgcQABiABBgNMgYQABgNGB4yCBAAGAUYDRgeMggQABgFGA0YHjIIEAAYCBgNGB4yCBAAGAgYDRgeMggQABgIGA0YHjIIEAAYgAQYogQyBRAAGO8FMgUQABjvBUj4GFAAWNQNcAB4AZABAJgBwAGgAZ4IqgEDMy42uAEDyAEA-AEBmAIIoALDB8ICBhAAGAcYHsICCBAAGBMYBxgewgIIEAAYogQYiQXCAgoQIRigARjDBBgKmAMAkgcDMS43oAfXOLIHAzEuN7gHwwfCBwUwLjMuNcgHGIAIAA&amp;sclient=gws-wiz-serp&amp;ved=2ahUKEwjL9dyYkvWTAxUr_rsIHdxxGbYQgK4QegYIAQgAEAM\" data-ved=\"2ahUKEwjL9dyYkvWTAxUr_rsIHdxxGbYQgK4QegYIAQgAEAM\" data-hveid=\"CAEIABAD\">Akuamarin ta\u015f\u0131<\/a><\/span>,\u00a0<mark class=\"HxTRcb\" data-sfc-root=\"c\" data-sfc-cb=\"\">sakinle\u015ftirici enerjisiyle stresi azaltan, bo\u011faz \u00e7akras\u0131yla uyumlu, solunum yolu rahats\u0131zl\u0131klar\u0131na (ast\u0131m, bron\u015fit) iyi gelen ve zihinsel berrakl\u0131k sa\u011flayan, cesaret verici bir do\u011fal ta\u015ft\u0131r. \u0130leti\u015fimi g\u00fc\u00e7lendirir, duygusal dengeyi destekler ve meditasyon i\u00e7in odaklanmay\u0131 art\u0131r\u0131r<\/mark><\/p>\n","protected":false},"excerpt":{"rendered":"<p>Men\u015fei: \u00c7in<\/p>\n<p>Uzunluk: 40 cm<\/p>\n<p>\u00d6l\u00e7\u00fc: 3*3 mm<\/p>\n","protected":false},"featured_media":9146,"comment_status":"open","ping_status":"closed","template":"","meta":{"site-sidebar-layout":"default","site-content-layout":"","ast-site-content-layout":"default","site-content-style":"default","site-sidebar-style":"default","ast-global-header-display":"","ast-banner-title-visibility":"","ast-main-header-display":"","ast-hfb-above-header-display":"","ast-hfb-below-header-display":"","ast-hfb-mobile-header-display":"","site-post-title":"","ast-breadcrumbs-content":"","ast-featured-img":"","footer-sml-layout":"","ast-disable-related-posts":"","theme-transparent-header-meta":"default","adv-header-id-meta":"","stick-header-meta":"","header-above-stick-meta":"","header-main-stick-meta":"","header-below-stick-meta":"","astra-migrate-meta-layouts":"set","ast-page-background-enabled":"default","ast-page-background-meta":{"desktop":{"background-color":"var(--ast-global-color-4)","background-image":"","background-repeat":"repeat","background-position":"center center","background-size":"auto","background-attachment":"scroll","background-type":"","background-media":"","overlay-type":"","overlay-color":"","overlay-opacity":"","overlay-gradient":""},"tablet":{"background-color":"","background-image":"","background-repeat":"repeat","background-position":"center center","background-size":"auto","background-attachment":"scroll","background-type":"","background-media":"","overlay-type":"","overlay-color":"","overlay-opacity":"","overlay-gradient":""},"mobile":{"background-color":"","background-image":"","background-repeat":"repeat","background-position":"center center","background-size":"auto","background-attachment":"scroll","background-type":"","background-media":"","overlay-type":"","overlay-color":"","overlay-opacity":"","overlay-gradient":""}},"ast-content-background-meta":{"desktop":{"background-color":"var(--ast-global-color-5)","background-image":"","background-repeat":"repeat","background-position":"center center","background-size":"auto","background-attachment":"scroll","background-type":"","background-media":"","overlay-type":"","overlay-color":"","overlay-opacity":"","overlay-gradient":""},"tablet":{"background-color":"var(--ast-global-color-5)","background-image":"","background-repeat":"repeat","background-position":"center center","background-size":"auto","background-attachment":"scroll","background-type":"","background-media":"","overlay-type":"","overlay-color":"","overlay-opacity":"","overlay-gradient":""},"mobile":{"background-color":"var(--ast-global-color-5)","background-image":"","background-repeat":"repeat","background-position":"center center","background-size":"auto","background-attachment":"scroll","background-type":"","background-media":"","overlay-type":"","overlay-color":"","overlay-opacity":"","overlay-gradient":""}}},"product_brand":[],"product_cat":[88,94],"product_tag":[829,356,830],"class_list":{"0":"post-9145","1":"product","2":"type-product","3":"status-publish","4":"has-post-thumbnail","6":"product_cat-dogal-tas-dizileri","7":"product_cat-tum-urunler","8":"product_tag-akvamarin","9":"product_tag-aquamarin-tr-2","10":"product_tag-aquamarine-2","11":"desktop-align-center","12":"tablet-align-left","13":"mobile-align-left","15":"first","16":"instock","17":"sale","18":"taxable","19":"shipping-taxable","20":"purchasable","21":"product-type-simple"},"_links":{"self":[{"href":"https:\/\/www.seibusilverstone.com\/en\/wp-json\/wp\/v2\/product\/9145","targetHints":{"allow":["GET"]}}],"collection":[{"href":"https:\/\/www.seibusilverstone.com\/en\/wp-json\/wp\/v2\/product"}],"about":[{"href":"https:\/\/www.seibusilverstone.com\/en\/wp-json\/wp\/v2\/types\/product"}],"replies":[{"embeddable":true,"href":"https:\/\/www.seibusilverstone.com\/en\/wp-json\/wp\/v2\/comments?post=9145"}],"version-history":[{"count":1,"href":"https:\/\/www.seibusilverstone.com\/en\/wp-json\/wp\/v2\/product\/9145\/revisions"}],"predecessor-version":[{"id":9150,"href":"https:\/\/www.seibusilverstone.com\/en\/wp-json\/wp\/v2\/product\/9145\/revisions\/9150"}],"wp:featuredmedia":[{"embeddable":true,"href":"https:\/\/www.seibusilverstone.com\/en\/wp-json\/wp\/v2\/media\/9146"}],"wp:attachment":[{"href":"https:\/\/www.seibusilverstone.com\/en\/wp-json\/wp\/v2\/media?parent=9145"}],"wp:term":[{"taxonomy":"product_brand","embeddable":true,"href":"https:\/\/www.seibusilverstone.com\/en\/wp-json\/wp\/v2\/product_brand?post=9145"},{"taxonomy":"product_cat","embeddable":true,"href":"https:\/\/www.seibusilverstone.com\/en\/wp-json\/wp\/v2\/product_cat?post=9145"},{"taxonomy":"product_tag","embeddable":true,"href":"https:\/\/www.seibusilverstone.com\/en\/wp-json\/wp\/v2\/product_tag?post=9145"}],"curies":[{"name":"wp","href":"https:\/\/api.w.org\/{rel}","templated":true}]}}