{"id":9189,"date":"2026-04-21T10:51:05","date_gmt":"2026-04-21T10:51:05","guid":{"rendered":"https:\/\/www.seibusilverstone.com\/?post_type=product&#038;p=9189"},"modified":"2026-04-21T10:51:06","modified_gmt":"2026-04-21T10:51:06","slug":"turmalin-faset-kesim-4-mm","status":"publish","type":"product","link":"https:\/\/www.seibusilverstone.com\/en\/shop\/turmalin-faset-kesim-4-mm\/","title":{"rendered":"turmalin faset kesim (4 mm)"},"content":{"rendered":"<p><span data-subtree=\"aimfl,mfl\">Turmalin ta\u015f\u0131, g\u00fc\u00e7l\u00fc enerjisiyle bilinen,\u00a0<\/span><mark class=\"HxTRcb\" data-sfc-root=\"c\" data-sfc-cb=\"\">negatif enerjiyi emip pozitif enerjiye d\u00f6n\u00fc\u015ft\u00fcren, fiziksel ve ruhsal denge sa\u011flayan \u00e7ok y\u00f6nl\u00fc bir do\u011fal ta\u015ft\u0131r. \u00d6zellikle siyah (\u015f\u00f6rl) t\u00fcr\u00fc koruma kalkan\u0131 olu\u015fturur, stresi azalt\u0131r, duygusal dengeyi destekler ve elektromanyetik radyasyondan korunmaya yard\u0131mc\u0131 oldu\u011funa inan\u0131l\u0131r<\/mark>.<\/p>\n","protected":false},"excerpt":{"rendered":"<p>Men\u015fei: \u00c7in<\/p>\n<p>Uzunluk: 40 cm<\/p>\n<p>\u00d6l\u00e7\u00fc: 4 mm<\/p>\n","protected":false},"featured_media":9190,"comment_status":"open","ping_status":"closed","template":"","meta":{"site-sidebar-layout":"default","site-content-layout":"","ast-site-content-layout":"default","site-content-style":"default","site-sidebar-style":"default","ast-global-header-display":"","ast-banner-title-visibility":"","ast-main-header-display":"","ast-hfb-above-header-display":"","ast-hfb-below-header-display":"","ast-hfb-mobile-header-display":"","site-post-title":"","ast-breadcrumbs-content":"","ast-featured-img":"","footer-sml-layout":"","ast-disable-related-posts":"","theme-transparent-header-meta":"default","adv-header-id-meta":"","stick-header-meta":"","header-above-stick-meta":"","header-main-stick-meta":"","header-below-stick-meta":"","astra-migrate-meta-layouts":"set","ast-page-background-enabled":"default","ast-page-background-meta":{"desktop":{"background-color":"var(--ast-global-color-4)","background-image":"","background-repeat":"repeat","background-position":"center center","background-size":"auto","background-attachment":"scroll","background-type":"","background-media":"","overlay-type":"","overlay-color":"","overlay-opacity":"","overlay-gradient":""},"tablet":{"background-color":"","background-image":"","background-repeat":"repeat","background-position":"center center","background-size":"auto","background-attachment":"scroll","background-type":"","background-media":"","overlay-type":"","overlay-color":"","overlay-opacity":"","overlay-gradient":""},"mobile":{"background-color":"","background-image":"","background-repeat":"repeat","background-position":"center center","background-size":"auto","background-attachment":"scroll","background-type":"","background-media":"","overlay-type":"","overlay-color":"","overlay-opacity":"","overlay-gradient":""}},"ast-content-background-meta":{"desktop":{"background-color":"var(--ast-global-color-5)","background-image":"","background-repeat":"repeat","background-position":"center center","background-size":"auto","background-attachment":"scroll","background-type":"","background-media":"","overlay-type":"","overlay-color":"","overlay-opacity":"","overlay-gradient":""},"tablet":{"background-color":"var(--ast-global-color-5)","background-image":"","background-repeat":"repeat","background-position":"center center","background-size":"auto","background-attachment":"scroll","background-type":"","background-media":"","overlay-type":"","overlay-color":"","overlay-opacity":"","overlay-gradient":""},"mobile":{"background-color":"var(--ast-global-color-5)","background-image":"","background-repeat":"repeat","background-position":"center center","background-size":"auto","background-attachment":"scroll","background-type":"","background-media":"","overlay-type":"","overlay-color":"","overlay-opacity":"","overlay-gradient":""}}},"product_brand":[],"product_cat":[88,94],"product_tag":[375,673],"class_list":{"0":"post-9189","1":"product","2":"type-product","3":"status-publish","4":"has-post-thumbnail","6":"product_cat-dogal-tas-dizileri","7":"product_cat-tum-urunler","8":"product_tag-turmalin-tr","9":"product_tag-turmalin-tasi","10":"desktop-align-center","11":"tablet-align-left","12":"mobile-align-left","14":"first","15":"instock","16":"sale","17":"taxable","18":"shipping-taxable","19":"purchasable","20":"product-type-simple"},"_links":{"self":[{"href":"https:\/\/www.seibusilverstone.com\/en\/wp-json\/wp\/v2\/product\/9189","targetHints":{"allow":["GET"]}}],"collection":[{"href":"https:\/\/www.seibusilverstone.com\/en\/wp-json\/wp\/v2\/product"}],"about":[{"href":"https:\/\/www.seibusilverstone.com\/en\/wp-json\/wp\/v2\/types\/product"}],"replies":[{"embeddable":true,"href":"https:\/\/www.seibusilverstone.com\/en\/wp-json\/wp\/v2\/comments?post=9189"}],"version-history":[{"count":1,"href":"https:\/\/www.seibusilverstone.com\/en\/wp-json\/wp\/v2\/product\/9189\/revisions"}],"predecessor-version":[{"id":9194,"href":"https:\/\/www.seibusilverstone.com\/en\/wp-json\/wp\/v2\/product\/9189\/revisions\/9194"}],"wp:featuredmedia":[{"embeddable":true,"href":"https:\/\/www.seibusilverstone.com\/en\/wp-json\/wp\/v2\/media\/9190"}],"wp:attachment":[{"href":"https:\/\/www.seibusilverstone.com\/en\/wp-json\/wp\/v2\/media?parent=9189"}],"wp:term":[{"taxonomy":"product_brand","embeddable":true,"href":"https:\/\/www.seibusilverstone.com\/en\/wp-json\/wp\/v2\/product_brand?post=9189"},{"taxonomy":"product_cat","embeddable":true,"href":"https:\/\/www.seibusilverstone.com\/en\/wp-json\/wp\/v2\/product_cat?post=9189"},{"taxonomy":"product_tag","embeddable":true,"href":"https:\/\/www.seibusilverstone.com\/en\/wp-json\/wp\/v2\/product_tag?post=9189"}],"curies":[{"name":"wp","href":"https:\/\/api.w.org\/{rel}","templated":true}]}}